{"id":1623,"date":"2019-04-01T10:24:10","date_gmt":"2019-04-01T10:24:10","guid":{"rendered":"http:\/\/avantage.bold-themes.com\/business\/?page_id=1623"},"modified":"2024-05-30T16:15:04","modified_gmt":"2024-05-30T16:15:04","slug":"impact","status":"publish","type":"page","link":"https:\/\/amsco-africa.com\/fr\/impact\/","title":{"rendered":"Impact"},"content":{"rendered":"<section id=\"bt_bb_section69ec377e8cfa8\" class=\"bt_bb_section bt_bb_layout_boxed_1200 bt_bb_vertical_align_top bt_bb_top_spacing_normal bt_bb_bottom_spacing_normal\"  data-bt-override-class=\"null\"><div class=\"bt_bb_port\"><div class=\"bt_bb_cell\"><div class=\"bt_bb_cell_inner\"><div class=\"bt_bb_row\"  data-bt-override-class=\"{}\"><div class=\"bt_bb_row_holder\" ><div  class=\"bt_bb_column col-xxl-12 col-xl-12 bt_bb_vertical_align_top bt_bb_align_left bt_bb_padding_normal\"  data-width=\"12\" data-bt-override-class=\"{}\"><div class=\"bt_bb_column_content\"><div data-bb-version=\"4.9.6\" class=\"bt_bb_masonry_portfolio_grid bt_bb_grid_container bt_bb_columns_4 bt_bb_gap_normal bt_bb_look_image_above bt_bb_date_design_triangle bt_bb_show_dash_true bt_bb_show_read_more_show_share\" data-columns=\"4\"><div class=\"bt_bb_post_grid_filter\"><span class=\"bt_bb_masonry_portfolio_grid_filter_item bt_bb_post_grid_filter_item active\" data-category-portfolio=\"cameroon,chad,drc,kenya,south-africa\" data-post-type=\"portfolio\">All<\/span><span class=\"bt_bb_masonry_portfolio_grid_filter_item bt_bb_post_grid_filter_item\" data-category-portfolio=\"cameroon\" data-post-type=\"portfolio\">Cameroun<\/span><span class=\"bt_bb_masonry_portfolio_grid_filter_item bt_bb_post_grid_filter_item\" data-category-portfolio=\"chad\" data-post-type=\"portfolio\">Tchad<\/span><span class=\"bt_bb_masonry_portfolio_grid_filter_item bt_bb_post_grid_filter_item\" data-category-portfolio=\"drc\" data-post-type=\"portfolio\">R\u00e9plublique D\u00e9mocratique du Congo<\/span><span class=\"bt_bb_masonry_portfolio_grid_filter_item bt_bb_post_grid_filter_item\" data-category-portfolio=\"kenya\" data-post-type=\"portfolio\">Kenya<\/span><span class=\"bt_bb_masonry_portfolio_grid_filter_item bt_bb_post_grid_filter_item\" data-category-portfolio=\"south-africa\" data-post-type=\"portfolio\">Afrique du Sud<\/span><\/div><div class=\"bt_bb_post_grid_loader\"><span class=\"box1\"><\/span><span class=\"box2\"><\/span><span class=\"box3\"><\/span><span class=\"box4\"><\/span><span class=\"box5\"><\/span><\/div><div class=\"bt_bb_masonry_portfolio_grid_content bt_bb_grid_hide\" data-bt-nonce=\"81b8d058dc\" data-number-portfolio=\"1000\" data-category-portfolio=\"\" data-post-type=\"portfolio\" data-show-portfolio=\"a%3A7%3A%7Bs%3A8%3A%22category%22%3Bb%3A1%3Bs%3A4%3A%22date%22%3Bb%3A0%3Bs%3A6%3A%22author%22%3Bb%3A0%3Bs%3A8%3A%22comments%22%3Bb%3A0%3Bs%3A7%3A%22excerpt%22%3Bb%3A1%3Bs%3A5%3A%22share%22%3Bb%3A0%3Bs%3A9%3A%22read_more%22%3Bb%3A1%3B%7D\" data-date-design=\"triangle\"  data-target=\"_self\"><div class=\"bt_bb_grid_sizer\"><\/div><\/div><\/div><\/div><\/div><\/div><\/div><\/div><!-- cell_inner --><\/div><!-- cell --><\/div><!-- port --><\/section>","protected":false},"excerpt":{"rendered":"<p>Nous cumulons de l'expertise dans de diff\u00e9rents secteurs, mais en voici quelques r\u00e9cits de tout le continent dont nous sommes particuli\u00e8rement fiers.<\/p>","protected":false},"author":2,"featured_media":1819,"parent":0,"menu_order":0,"comment_status":"closed","ping_status":"closed","template":"","meta":{"footnotes":""},"class_list":["post-1623","page","type-page","status-publish","has-post-thumbnail","hentry"],"yoast_head":"<!-- This site is optimized with the Yoast SEO plugin v27.4 - https:\/\/yoast.com\/product\/yoast-seo-wordpress\/ -->\n<title>Our Impact - AMSCO<\/title>\n<meta name=\"robots\" content=\"index, follow, max-snippet:-1, max-image-preview:large, max-video-preview:-1\" \/>\n<link rel=\"canonical\" href=\"https:\/\/amsco-africa.com\/fr\/impact\/\" \/>\n<meta property=\"og:locale\" content=\"fr_FR\" \/>\n<meta property=\"og:type\" content=\"article\" \/>\n<meta property=\"og:title\" content=\"Our Impact - AMSCO\" \/>\n<meta property=\"og:description\" content=\"We have expertise in many different sectors but here are some stories from across the continent that we are particularly proud of.\" \/>\n<meta property=\"og:url\" content=\"https:\/\/amsco-africa.com\/fr\/impact\/\" \/>\n<meta property=\"og:site_name\" content=\"AMSCO\" \/>\n<meta property=\"article:modified_time\" content=\"2024-05-30T16:15:04+00:00\" \/>\n<meta property=\"og:image\" content=\"https:\/\/amsco-africa.com\/wp-content\/uploads\/2017\/04\/blog-post-14.jpg\" \/>\n\t<meta property=\"og:image:width\" content=\"2500\" \/>\n\t<meta property=\"og:image:height\" content=\"1667\" \/>\n\t<meta property=\"og:image:type\" content=\"image\/jpeg\" \/>\n<meta name=\"twitter:card\" content=\"summary_large_image\" \/>\n<meta name=\"twitter:label1\" content=\"Dur\u00e9e de lecture estim\u00e9e\" \/>\n\t<meta name=\"twitter:data1\" content=\"1 minute\" \/>\n<script type=\"application\/ld+json\" class=\"yoast-schema-graph\">{\"@context\":\"https:\\\/\\\/schema.org\",\"@graph\":[{\"@type\":\"WebPage\",\"@id\":\"https:\\\/\\\/amsco-africa.com\\\/impact\\\/\",\"url\":\"https:\\\/\\\/amsco-africa.com\\\/impact\\\/\",\"name\":\"Our Impact - AMSCO\",\"isPartOf\":{\"@id\":\"https:\\\/\\\/amsco-africa.com\\\/#website\"},\"primaryImageOfPage\":{\"@id\":\"https:\\\/\\\/amsco-africa.com\\\/impact\\\/#primaryimage\"},\"image\":{\"@id\":\"https:\\\/\\\/amsco-africa.com\\\/impact\\\/#primaryimage\"},\"thumbnailUrl\":\"https:\\\/\\\/amsco-africa.com\\\/wp-content\\\/uploads\\\/2017\\\/04\\\/blog-post-14.jpg\",\"datePublished\":\"2019-04-01T10:24:10+00:00\",\"dateModified\":\"2024-05-30T16:15:04+00:00\",\"breadcrumb\":{\"@id\":\"https:\\\/\\\/amsco-africa.com\\\/impact\\\/#breadcrumb\"},\"inLanguage\":\"fr-FR\",\"potentialAction\":[{\"@type\":\"ReadAction\",\"target\":[\"https:\\\/\\\/amsco-africa.com\\\/impact\\\/\"]}]},{\"@type\":\"ImageObject\",\"inLanguage\":\"fr-FR\",\"@id\":\"https:\\\/\\\/amsco-africa.com\\\/impact\\\/#primaryimage\",\"url\":\"https:\\\/\\\/amsco-africa.com\\\/wp-content\\\/uploads\\\/2017\\\/04\\\/blog-post-14.jpg\",\"contentUrl\":\"https:\\\/\\\/amsco-africa.com\\\/wp-content\\\/uploads\\\/2017\\\/04\\\/blog-post-14.jpg\",\"width\":2500,\"height\":1667},{\"@type\":\"BreadcrumbList\",\"@id\":\"https:\\\/\\\/amsco-africa.com\\\/impact\\\/#breadcrumb\",\"itemListElement\":[{\"@type\":\"ListItem\",\"position\":1,\"name\":\"Home\",\"item\":\"https:\\\/\\\/amsco-africa.com\\\/\"},{\"@type\":\"ListItem\",\"position\":2,\"name\":\"Our Impact\"}]},{\"@type\":\"WebSite\",\"@id\":\"https:\\\/\\\/amsco-africa.com\\\/#website\",\"url\":\"https:\\\/\\\/amsco-africa.com\\\/\",\"name\":\"AMSCO\",\"description\":\"Growing People, Growing Companies, Growing Africa\",\"potentialAction\":[{\"@type\":\"SearchAction\",\"target\":{\"@type\":\"EntryPoint\",\"urlTemplate\":\"https:\\\/\\\/amsco-africa.com\\\/?s={search_term_string}\"},\"query-input\":{\"@type\":\"PropertyValueSpecification\",\"valueRequired\":true,\"valueName\":\"search_term_string\"}}],\"inLanguage\":\"fr-FR\"}]}<\/script>\n<!-- \/ Yoast SEO plugin. -->","yoast_head_json":{"title":"Our Impact - AMSCO","robots":{"index":"index","follow":"follow","max-snippet":"max-snippet:-1","max-image-preview":"max-image-preview:large","max-video-preview":"max-video-preview:-1"},"canonical":"https:\/\/amsco-africa.com\/fr\/impact\/","og_locale":"fr_FR","og_type":"article","og_title":"Our Impact - AMSCO","og_description":"We have expertise in many different sectors but here are some stories from across the continent that we are particularly proud of.","og_url":"https:\/\/amsco-africa.com\/fr\/impact\/","og_site_name":"AMSCO","article_modified_time":"2024-05-30T16:15:04+00:00","og_image":[{"width":2500,"height":1667,"url":"https:\/\/amsco-africa.com\/wp-content\/uploads\/2017\/04\/blog-post-14.jpg","type":"image\/jpeg"}],"twitter_card":"summary_large_image","twitter_misc":{"Dur\u00e9e de lecture estim\u00e9e":"1 minute"},"schema":{"@context":"https:\/\/schema.org","@graph":[{"@type":"WebPage","@id":"https:\/\/amsco-africa.com\/impact\/","url":"https:\/\/amsco-africa.com\/impact\/","name":"Our Impact - AMSCO","isPartOf":{"@id":"https:\/\/amsco-africa.com\/#website"},"primaryImageOfPage":{"@id":"https:\/\/amsco-africa.com\/impact\/#primaryimage"},"image":{"@id":"https:\/\/amsco-africa.com\/impact\/#primaryimage"},"thumbnailUrl":"https:\/\/amsco-africa.com\/wp-content\/uploads\/2017\/04\/blog-post-14.jpg","datePublished":"2019-04-01T10:24:10+00:00","dateModified":"2024-05-30T16:15:04+00:00","breadcrumb":{"@id":"https:\/\/amsco-africa.com\/impact\/#breadcrumb"},"inLanguage":"fr-FR","potentialAction":[{"@type":"ReadAction","target":["https:\/\/amsco-africa.com\/impact\/"]}]},{"@type":"ImageObject","inLanguage":"fr-FR","@id":"https:\/\/amsco-africa.com\/impact\/#primaryimage","url":"https:\/\/amsco-africa.com\/wp-content\/uploads\/2017\/04\/blog-post-14.jpg","contentUrl":"https:\/\/amsco-africa.com\/wp-content\/uploads\/2017\/04\/blog-post-14.jpg","width":2500,"height":1667},{"@type":"BreadcrumbList","@id":"https:\/\/amsco-africa.com\/impact\/#breadcrumb","itemListElement":[{"@type":"ListItem","position":1,"name":"Home","item":"https:\/\/amsco-africa.com\/"},{"@type":"ListItem","position":2,"name":"Our Impact"}]},{"@type":"WebSite","@id":"https:\/\/amsco-africa.com\/#website","url":"https:\/\/amsco-africa.com\/","name":"AMSCO","description":"Growing People, Growing Companies, Growing Africa","potentialAction":[{"@type":"SearchAction","target":{"@type":"EntryPoint","urlTemplate":"https:\/\/amsco-africa.com\/?s={search_term_string}"},"query-input":{"@type":"PropertyValueSpecification","valueRequired":true,"valueName":"search_term_string"}}],"inLanguage":"fr-FR"}]}},"_links":{"self":[{"href":"https:\/\/amsco-africa.com\/fr\/wp-json\/wp\/v2\/pages\/1623","targetHints":{"allow":["GET"]}}],"collection":[{"href":"https:\/\/amsco-africa.com\/fr\/wp-json\/wp\/v2\/pages"}],"about":[{"href":"https:\/\/amsco-africa.com\/fr\/wp-json\/wp\/v2\/types\/page"}],"author":[{"embeddable":true,"href":"https:\/\/amsco-africa.com\/fr\/wp-json\/wp\/v2\/users\/2"}],"replies":[{"embeddable":true,"href":"https:\/\/amsco-africa.com\/fr\/wp-json\/wp\/v2\/comments?post=1623"}],"version-history":[{"count":8,"href":"https:\/\/amsco-africa.com\/fr\/wp-json\/wp\/v2\/pages\/1623\/revisions"}],"predecessor-version":[{"id":3251,"href":"https:\/\/amsco-africa.com\/fr\/wp-json\/wp\/v2\/pages\/1623\/revisions\/3251"}],"wp:featuredmedia":[{"embeddable":true,"href":"https:\/\/amsco-africa.com\/fr\/wp-json\/wp\/v2\/media\/1819"}],"wp:attachment":[{"href":"https:\/\/amsco-africa.com\/fr\/wp-json\/wp\/v2\/media?parent=1623"}],"curies":[{"name":"wp","href":"https:\/\/api.w.org\/{rel}","templated":true}]}}