{"id":1637,"date":"2019-04-01T10:25:28","date_gmt":"2019-04-01T10:25:28","guid":{"rendered":"http:\/\/avantage.bold-themes.com\/business\/?page_id=1637"},"modified":"2024-07-09T07:38:18","modified_gmt":"2024-07-09T07:38:18","slug":"services","status":"publish","type":"page","link":"https:\/\/amsco-africa.com\/fr\/services\/","title":{"rendered":"Services"},"content":{"rendered":"<section id=\"bt_bb_section69ec376d76b86\" class=\"bt_bb_section bt_bb_layout_boxed_1200 bt_bb_vertical_align_top bt_bb_top_spacing_large bt_bb_bottom_spacing_large\" style=\"background-position:center;background-size:contain;\" data-bt-override-class=\"null\"><div class=\"bt_bb_background_image_holder_wrapper\"><div class=\"bt_bb_background_image_holder btLazyLoadBackground\"  data-background_image_src=\"https:\/\/amsco-africa.com\/wp-content\/uploads\/2019\/04\/bgn-industries.png\" data-parallax-zoom-start=\"1\" data-parallax-zoom-end=\"1\" data-parallax-blur-start=\"0\" data-parallax-blur-end=\"0\" data-parallax-opacity-start=\"1\" data-parallax-opacity-end=\"1\" style=\" background-image: url(&#039;https:\/\/amsco-africa.com\/wp-content\/plugins\/bold-page-builder\/img\/blank.gif&#039;);\"><\/div><\/div><div class=\"bt_bb_port\"><div class=\"bt_bb_cell\"><div class=\"bt_bb_cell_inner\"><div data-bb-version=\"4.9.1\" class=\"bt_bb_row\"  data-bt-override-class=\"{}\"><div class=\"bt_bb_row_holder\" ><div  class=\"bt_bb_column col-xxl-2 col-xl-2 bt_bb_vertical_align_top bt_bb_align_left bt_bb_padding_normal\"  data-width=\"2\" data-bt-override-class=\"{}\"><div class=\"bt_bb_column_content\"><\/div><\/div><div data-bb-version=\"4.9.1\"  class=\"bt_bb_column col-xxl-8 col-xl-8 bt_bb_vertical_align_top bt_bb_align_center bt_bb_padding_normal bt_bb_animation_fade_in move_up animate\"  data-width=\"8\" data-bt-override-class=\"{&quot;bt_bb_align_&quot;:{&quot;current_class&quot;:&quot;bt_bb_align_center&quot;,&quot;def&quot;:&quot;center&quot;},&quot;bt_bb_padding_&quot;:{&quot;current_class&quot;:&quot;bt_bb_padding_normal&quot;,&quot;def&quot;:&quot;normal&quot;}}\"><div class=\"bt_bb_column_content\"><header data-bb-version=\"4.9.1\" class=\"bt_bb_headline bt_bb_subheadline_text_transform_default bt_bb_dash_top bt_bb_superheadline bt_bb_superheadline_outside bt_bb_subheadline bt_bb_size_large bt_bb_align_inherit\" data-bt-override-class=\"{&quot;bt_bb_size_&quot;:{&quot;current_class&quot;:&quot;bt_bb_size_large&quot;,&quot;def&quot;:&quot;large&quot;},&quot;bt_bb_align_&quot;:{&quot;current_class&quot;:&quot;bt_bb_align_inherit&quot;,&quot;def&quot;:&quot;inherit&quot;}}\"><div class=\"bt_bb_headline_superheadline_outside\"><span class=\"bt_bb_headline_superheadline\">NOTRE SAVOIR-FAIRE<\/span><\/div><h2 class=\"bt_bb_headline_tag translation-block\"><span class=\"bt_bb_headline_content\"><span><u>Tous <\/u> <b>Nos Services<\/b><\/span><\/span><\/h2><div class=\"bt_bb_headline_subheadline\">Nous offrons un ensemble complet de services int\u00e9gr\u00e9s con\u00e7us pour r\u00e9pondre aux besoins uniques des entreprises sur le continent africain, \u00e0 travers les services suivants<\/div><\/header><div class=\"bt_bb_separator bt_bb_border_style_none bt_bb_bottom_spacing_medium\" data-bt-override-class=\"null\"><\/div><\/div><\/div><div  class=\"bt_bb_column col-xxl-2 col-xl-2 bt_bb_vertical_align_top bt_bb_align_left bt_bb_padding_normal\"  data-width=\"2\" data-bt-override-class=\"{}\"><div class=\"bt_bb_column_content\"><\/div><\/div><\/div><\/div><div data-bb-version=\"4.9.1\" class=\"bt_bb_row  bt_bb_column_gap_10\" style=\"; --column-gap:10px;\" data-bt-override-class=\"{}\"><div class=\"bt_bb_row_holder\" ><div data-bb-version=\"4.9.1\" id=\"servboxams-1\" class=\"bt_bb_column col-xxl-3 col-xl-3 col-xs-12 col-sm-6 col-md-6 col-lg-3 ams_serv_box_1 bt_bb_vertical_align_top bt_bb_align_left bt_bb_padding_text_indent bt_bb_animation_fade_in animate\" style=\"margin-bottom: 20px;\" data-width=\"3\" data-bt-override-class=\"{&quot;bt_bb_align_&quot;:{&quot;current_class&quot;:&quot;bt_bb_align_left&quot;,&quot;def&quot;:&quot;left&quot;},&quot;bt_bb_padding_&quot;:{&quot;current_class&quot;:&quot;bt_bb_padding_text_indent&quot;,&quot;def&quot;:&quot;text_indent&quot;}}\"><div class=\"bt_bb_column_content\" style=\"background-color:rgba(255, 255, 255, 1);\"><div class=\"bt_bb_image bt_bb_shape_square bt_bb_target_self bt_bb_align_inherit bt_bb_hover_style_simple bt_bb_content_display_show-on-hover bt_bb_content_align_bottom bt_bb_content_exists\" data-bt-override-class=\"{}\"><a href=\"#\"  target=\"_self\"><img loading=\"lazy\" decoding=\"async\" width=\"1200\" height=\"801\" src=\"https:\/\/amsco-africa.com\/wp-content\/uploads\/2017\/04\/blog-post-12-1280x854.jpg\" class=\"attachment-large size-large\" alt=\"https:\/\/amsco-africa.com\/wp-content\/uploads\/2017\/04\/blog-post-12-1280x854.jpg\" data-full_image_src=\"https:\/\/amsco-africa.com\/wp-content\/uploads\/2017\/04\/blog-post-12.jpg\" srcset=\"https:\/\/amsco-africa.com\/wp-content\/uploads\/2017\/04\/blog-post-12-1280x854.jpg 1280w, https:\/\/amsco-africa.com\/wp-content\/uploads\/2017\/04\/blog-post-12-640x427.jpg 640w, https:\/\/amsco-africa.com\/wp-content\/uploads\/2017\/04\/blog-post-12-768x512.jpg 768w, https:\/\/amsco-africa.com\/wp-content\/uploads\/2017\/04\/blog-post-12-1536x1024.jpg 1536w, https:\/\/amsco-africa.com\/wp-content\/uploads\/2017\/04\/blog-post-12-2048x1366.jpg 2048w, https:\/\/amsco-africa.com\/wp-content\/uploads\/2017\/04\/blog-post-12-320x213.jpg 320w\" sizes=\"auto, (max-width: 1200px) 100vw, 1200px\" \/><\/a><div class=\"bt_bb_image_content\"  style=\"background-color: rgba(233, 77, 101, 0.8);\"><div class=\"bt_bb_image_content_flex\"><div class=\"bt_bb_image_content_inner\"><div data-bb-version=\"5.0.1\" class=\"bt_bb_button bt_bb_color_scheme_11 bt_bb_icon_position_right bt_bb_style_clean bt_bb_size_small bt_bb_width_inline bt_bb_shape_inherit bt_bb_target_self bt_bb_text_transform_inherit bt_bb_align_inherit\" style=\"; --primary-color:#ffffff; --secondary-color:#555555;\" data-bt-override-class=\"{&quot;bt_bb_size_&quot;:{&quot;current_class&quot;:&quot;bt_bb_size_small&quot;,&quot;def&quot;:&quot;small&quot;},&quot;bt_bb_align_&quot;:{&quot;current_class&quot;:&quot;bt_bb_align_inherit&quot;,&quot;def&quot;:&quot;inherit&quot;}}\"><a href=\"\/fr\/services\/recruitment\/\" target=\"_self\" class=\"bt_bb_link\" title=\"En savoir plus\"><span class=\"bt_bb_button_text\" >En savoir plus<\/span><span  data-ico-fontawesome=\"&#xf101;\" class=\"bt_bb_icon_holder\"><\/span><\/a><\/div><\/div><\/div><\/div><\/div><div class=\"bt_bb_separator bt_bb_border_style_none bt_bb_bottom_spacing_normal\" data-bt-override-class=\"null\"><\/div><header data-bb-version=\"4.9.1\" class=\"bt_bb_headline bt_bb_subheadline_text_transform_default bt_bb_dash_none bt_bb_subheadline bt_bb_size_normal bt_bb_align_inherit\" data-bt-override-class=\"{&quot;bt_bb_size_&quot;:{&quot;current_class&quot;:&quot;bt_bb_size_normal&quot;,&quot;def&quot;:&quot;normal&quot;},&quot;bt_bb_align_&quot;:{&quot;current_class&quot;:&quot;bt_bb_align_inherit&quot;,&quot;def&quot;:&quot;inherit&quot;}}\"><h4 class=\"bt_bb_headline_tag\"><span class=\"bt_bb_headline_content\"><span><u>Recrutement<\/u><\/span><\/span><\/h4><div class=\"bt_bb_headline_subheadline\">AMSCO est une entreprise de recrutement leader en Afrique qui comprend les besoins des Africains. Nous avons am\u00e9lior\u00e9 notre offre de services pour aider les entreprises africaines \u00e0 se d\u00e9velopper. <\/div><\/header><div class=\"bt_bb_separator bt_bb_border_style_none bt_bb_bottom_spacing_normal\" data-bt-override-class=\"null\"><\/div><\/div><\/div><div data-bb-version=\"4.9.1\" id=\"servboxams-2\" class=\"bt_bb_column col-xxl-3 col-xl-3 col-xs-12 col-sm-6 col-md-6 col-lg-3 bt_bb_vertical_align_top bt_bb_align_left bt_bb_padding_text_indent bt_bb_animation_fade_in animate\" style=\"margin-bottom: 20px; \" data-width=\"3\" data-bt-override-class=\"{&quot;bt_bb_align_&quot;:{&quot;current_class&quot;:&quot;bt_bb_align_left&quot;,&quot;def&quot;:&quot;left&quot;},&quot;bt_bb_padding_&quot;:{&quot;current_class&quot;:&quot;bt_bb_padding_text_indent&quot;,&quot;def&quot;:&quot;text_indent&quot;}}\"><div class=\"bt_bb_column_content\" style=\"background-color:rgba(255, 255, 255, 1);\"><div class=\"bt_bb_image bt_bb_shape_square bt_bb_target_self bt_bb_align_inherit bt_bb_hover_style_simple bt_bb_content_display_show-on-hover bt_bb_content_align_bottom bt_bb_content_exists\" data-bt-override-class=\"{}\"><a href=\"#\"  target=\"_self\"><img loading=\"lazy\" decoding=\"async\" width=\"1200\" height=\"801\" src=\"https:\/\/amsco-africa.com\/wp-content\/uploads\/2017\/04\/blog-post-10-1280x854.jpg\" class=\"attachment-large size-large\" alt=\"https:\/\/amsco-africa.com\/wp-content\/uploads\/2017\/04\/blog-post-10-1280x854.jpg\" data-full_image_src=\"https:\/\/amsco-africa.com\/wp-content\/uploads\/2017\/04\/blog-post-10.jpg\" srcset=\"https:\/\/amsco-africa.com\/wp-content\/uploads\/2017\/04\/blog-post-10-1280x854.jpg 1280w, https:\/\/amsco-africa.com\/wp-content\/uploads\/2017\/04\/blog-post-10-640x427.jpg 640w, https:\/\/amsco-africa.com\/wp-content\/uploads\/2017\/04\/blog-post-10-768x512.jpg 768w, https:\/\/amsco-africa.com\/wp-content\/uploads\/2017\/04\/blog-post-10-1536x1024.jpg 1536w, https:\/\/amsco-africa.com\/wp-content\/uploads\/2017\/04\/blog-post-10-2048x1366.jpg 2048w, https:\/\/amsco-africa.com\/wp-content\/uploads\/2017\/04\/blog-post-10-320x213.jpg 320w\" sizes=\"auto, (max-width: 1200px) 100vw, 1200px\" \/><\/a><div class=\"bt_bb_image_content\"  style=\"background-color: rgba(233, 77, 101, 0.8);\"><div class=\"bt_bb_image_content_flex\"><div class=\"bt_bb_image_content_inner\"><div data-bb-version=\"5.0.1\" class=\"bt_bb_button bt_bb_color_scheme_11 bt_bb_icon_position_right bt_bb_style_clean bt_bb_size_small bt_bb_width_inline bt_bb_shape_inherit bt_bb_target_self bt_bb_text_transform_inherit bt_bb_align_inherit\" style=\"; --primary-color:#ffffff; --secondary-color:#555555;\" data-bt-override-class=\"{&quot;bt_bb_size_&quot;:{&quot;current_class&quot;:&quot;bt_bb_size_small&quot;,&quot;def&quot;:&quot;small&quot;},&quot;bt_bb_align_&quot;:{&quot;current_class&quot;:&quot;bt_bb_align_inherit&quot;,&quot;def&quot;:&quot;inherit&quot;}}\"><a href=\"\/fr\/services\/enterprise-development-programmes\/\" target=\"_self\" class=\"bt_bb_link\" title=\"En savoir plus\"><span class=\"bt_bb_button_text\" >En savoir plus<\/span><span  data-ico-fontawesome=\"&#xf101;\" class=\"bt_bb_icon_holder\"><\/span><\/a><\/div><\/div><\/div><\/div><\/div><div class=\"bt_bb_separator bt_bb_border_style_none bt_bb_bottom_spacing_normal\" data-bt-override-class=\"null\"><\/div><header data-bb-version=\"4.9.1\" class=\"bt_bb_headline bt_bb_subheadline_text_transform_default bt_bb_dash_none bt_bb_subheadline bt_bb_size_normal bt_bb_align_inherit\" data-bt-override-class=\"{&quot;bt_bb_size_&quot;:{&quot;current_class&quot;:&quot;bt_bb_size_normal&quot;,&quot;def&quot;:&quot;normal&quot;},&quot;bt_bb_align_&quot;:{&quot;current_class&quot;:&quot;bt_bb_align_inherit&quot;,&quot;def&quot;:&quot;inherit&quot;}}\"><h4 class=\"bt_bb_headline_tag translation-block\"><b>Programmes de D\u00e9veloppement<\/b> <u> des Entreprise<\/u><\/h4><div class=\"bt_bb_headline_subheadline\">AMSCO recherche et place des experts internationaux poss\u00e9dant les comp\u00e9tences et l'exp\u00e9rience appropri\u00e9es dans des entreprises en Afrique afin d'am\u00e9liorer l'efficacit\u00e9.<\/div><\/header><div class=\"bt_bb_separator bt_bb_border_style_none bt_bb_bottom_spacing_normal\" data-bt-override-class=\"null\"><\/div><\/div><\/div><div data-bb-version=\"4.9.1\" id=\"servboxams-3\" class=\"bt_bb_column col-xxl-3 col-xl-3 col-xs-12 col-sm-6 col-md-6 col-lg-3 bt_bb_vertical_align_top bt_bb_align_left bt_bb_padding_text_indent bt_bb_animation_fade_in animate\" style=\"margin-bottom: 20px;\" data-width=\"3\" data-bt-override-class=\"{&quot;bt_bb_align_&quot;:{&quot;current_class&quot;:&quot;bt_bb_align_left&quot;,&quot;def&quot;:&quot;left&quot;},&quot;bt_bb_padding_&quot;:{&quot;current_class&quot;:&quot;bt_bb_padding_text_indent&quot;,&quot;def&quot;:&quot;text_indent&quot;}}\"><div class=\"bt_bb_column_content\" style=\"background-color:rgba(255, 255, 255, 1);\"><div class=\"bt_bb_image bt_bb_shape_square bt_bb_target_self bt_bb_align_inherit bt_bb_hover_style_simple bt_bb_content_display_show-on-hover bt_bb_content_align_bottom bt_bb_content_exists\" data-bt-override-class=\"{}\"><a href=\"#\"  target=\"_self\"><img loading=\"lazy\" decoding=\"async\" width=\"1200\" height=\"801\" src=\"https:\/\/amsco-africa.com\/wp-content\/uploads\/2017\/04\/blog-post-15-1280x854.jpg\" class=\"attachment-large size-large\" alt=\"https:\/\/amsco-africa.com\/wp-content\/uploads\/2017\/04\/blog-post-15-1280x854.jpg\" data-full_image_src=\"https:\/\/amsco-africa.com\/wp-content\/uploads\/2017\/04\/blog-post-15.jpg\" srcset=\"https:\/\/amsco-africa.com\/wp-content\/uploads\/2017\/04\/blog-post-15-1280x854.jpg 1280w, https:\/\/amsco-africa.com\/wp-content\/uploads\/2017\/04\/blog-post-15-640x427.jpg 640w, https:\/\/amsco-africa.com\/wp-content\/uploads\/2017\/04\/blog-post-15-768x512.jpg 768w, https:\/\/amsco-africa.com\/wp-content\/uploads\/2017\/04\/blog-post-15-1536x1024.jpg 1536w, https:\/\/amsco-africa.com\/wp-content\/uploads\/2017\/04\/blog-post-15-2048x1366.jpg 2048w, https:\/\/amsco-africa.com\/wp-content\/uploads\/2017\/04\/blog-post-15-320x213.jpg 320w\" sizes=\"auto, (max-width: 1200px) 100vw, 1200px\" \/><\/a><div class=\"bt_bb_image_content\"  style=\"background-color: rgba(233, 77, 101, 0.8);\"><div class=\"bt_bb_image_content_flex\"><div class=\"bt_bb_image_content_inner\"><div data-bb-version=\"5.0.1\" class=\"bt_bb_button bt_bb_color_scheme_11 bt_bb_icon_position_right bt_bb_style_clean bt_bb_size_small bt_bb_width_inline bt_bb_shape_inherit bt_bb_target_self bt_bb_text_transform_inherit bt_bb_align_inherit\" style=\"; --primary-color:#ffffff; --secondary-color:#555555;\" data-bt-override-class=\"{&quot;bt_bb_size_&quot;:{&quot;current_class&quot;:&quot;bt_bb_size_small&quot;,&quot;def&quot;:&quot;small&quot;},&quot;bt_bb_align_&quot;:{&quot;current_class&quot;:&quot;bt_bb_align_inherit&quot;,&quot;def&quot;:&quot;inherit&quot;}}\"><a href=\"\/fr\/services\/training-and-development\/\" target=\"_self\" class=\"bt_bb_link\" title=\"En savoir plus\"><span class=\"bt_bb_button_text\" >En savoir plus<\/span><span  data-ico-fontawesome=\"&#xf101;\" class=\"bt_bb_icon_holder\"><\/span><\/a><\/div><\/div><\/div><\/div><\/div><div class=\"bt_bb_separator bt_bb_border_style_none bt_bb_bottom_spacing_normal\" data-bt-override-class=\"null\"><\/div><header data-bb-version=\"4.9.1\" class=\"bt_bb_headline bt_bb_subheadline_text_transform_default bt_bb_dash_none bt_bb_subheadline bt_bb_size_normal bt_bb_align_inherit\" data-bt-override-class=\"{&quot;bt_bb_size_&quot;:{&quot;current_class&quot;:&quot;bt_bb_size_normal&quot;,&quot;def&quot;:&quot;normal&quot;},&quot;bt_bb_align_&quot;:{&quot;current_class&quot;:&quot;bt_bb_align_inherit&quot;,&quot;def&quot;:&quot;inherit&quot;}}\"><h4 class=\"bt_bb_headline_tag translation-block\"><b>Formation &amp;<\/b> <u> D\u00e9veloppement<\/u><\/h4><div class=\"bt_bb_headline_subheadline\">La formation et le D\u00e9veloppement d'AMSCO aide \u00e0 soutenir les entreprises Africaines afin de d\u00e9velopper des comp\u00e9tences de gestion et de personnel pour une efficacit\u00e9 et une productivit\u00e9 am\u00e9lior\u00e9e...<\/div><\/header><div class=\"bt_bb_separator bt_bb_border_style_none bt_bb_bottom_spacing_normal\" data-bt-override-class=\"null\"><\/div><\/div><\/div><div data-bb-version=\"4.9.1\" id=\"servboxams-4\" class=\"bt_bb_column col-xxl-3 col-xl-3 col-xs-12 col-sm-6 col-md-6 col-lg-3 bt_bb_vertical_align_top bt_bb_align_left bt_bb_padding_text_indent bt_bb_animation_fade_in animate\" style=\"margin-bottom: 20px;\" data-width=\"3\" data-bt-override-class=\"{&quot;bt_bb_align_&quot;:{&quot;current_class&quot;:&quot;bt_bb_align_left&quot;,&quot;def&quot;:&quot;left&quot;},&quot;bt_bb_padding_&quot;:{&quot;current_class&quot;:&quot;bt_bb_padding_text_indent&quot;,&quot;def&quot;:&quot;text_indent&quot;}}\"><div class=\"bt_bb_column_content\" style=\"background-color:rgba(255, 255, 255, 1);\"><div class=\"bt_bb_image bt_bb_shape_square bt_bb_target_self bt_bb_align_inherit bt_bb_hover_style_simple bt_bb_content_display_show-on-hover bt_bb_content_align_bottom bt_bb_content_exists\" data-bt-override-class=\"{}\"><a href=\"#\"  target=\"_self\"><img loading=\"lazy\" decoding=\"async\" width=\"1200\" height=\"801\" src=\"https:\/\/amsco-africa.com\/wp-content\/uploads\/2017\/04\/blog-post-15-1280x854.jpg\" class=\"attachment-large size-large\" alt=\"https:\/\/amsco-africa.com\/wp-content\/uploads\/2017\/04\/blog-post-15-1280x854.jpg\" data-full_image_src=\"https:\/\/amsco-africa.com\/wp-content\/uploads\/2017\/04\/blog-post-15.jpg\" srcset=\"https:\/\/amsco-africa.com\/wp-content\/uploads\/2017\/04\/blog-post-15-1280x854.jpg 1280w, https:\/\/amsco-africa.com\/wp-content\/uploads\/2017\/04\/blog-post-15-640x427.jpg 640w, https:\/\/amsco-africa.com\/wp-content\/uploads\/2017\/04\/blog-post-15-768x512.jpg 768w, https:\/\/amsco-africa.com\/wp-content\/uploads\/2017\/04\/blog-post-15-1536x1024.jpg 1536w, https:\/\/amsco-africa.com\/wp-content\/uploads\/2017\/04\/blog-post-15-2048x1366.jpg 2048w, https:\/\/amsco-africa.com\/wp-content\/uploads\/2017\/04\/blog-post-15-320x213.jpg 320w\" sizes=\"auto, (max-width: 1200px) 100vw, 1200px\" \/><\/a><div class=\"bt_bb_image_content\"  style=\"background-color: rgba(233, 77, 101, 0.8);\"><div class=\"bt_bb_image_content_flex\"><div class=\"bt_bb_image_content_inner\"><div data-bb-version=\"5.0.1\" class=\"bt_bb_button bt_bb_color_scheme_11 bt_bb_icon_position_right bt_bb_style_clean bt_bb_size_small bt_bb_width_inline bt_bb_shape_inherit bt_bb_target_self bt_bb_text_transform_inherit bt_bb_align_inherit\" style=\"; --primary-color:#ffffff; --secondary-color:#555555;\" data-bt-override-class=\"{&quot;bt_bb_size_&quot;:{&quot;current_class&quot;:&quot;bt_bb_size_small&quot;,&quot;def&quot;:&quot;small&quot;},&quot;bt_bb_align_&quot;:{&quot;current_class&quot;:&quot;bt_bb_align_inherit&quot;,&quot;def&quot;:&quot;inherit&quot;}}\"><a href=\"\/fr\/services\/consulting\/\" target=\"_self\" class=\"bt_bb_link\" title=\"En savoir plus\"><span class=\"bt_bb_button_text\" >En savoir plus<\/span><span  data-ico-fontawesome=\"&#xf101;\" class=\"bt_bb_icon_holder\"><\/span><\/a><\/div><\/div><\/div><\/div><\/div><div class=\"bt_bb_separator bt_bb_border_style_none bt_bb_bottom_spacing_normal\" data-bt-override-class=\"null\"><\/div><header data-bb-version=\"4.9.1\" class=\"bt_bb_headline bt_bb_subheadline_text_transform_default bt_bb_dash_none bt_bb_subheadline bt_bb_size_normal bt_bb_align_inherit\" data-bt-override-class=\"{&quot;bt_bb_size_&quot;:{&quot;current_class&quot;:&quot;bt_bb_size_normal&quot;,&quot;def&quot;:&quot;normal&quot;},&quot;bt_bb_align_&quot;:{&quot;current_class&quot;:&quot;bt_bb_align_inherit&quot;,&quot;def&quot;:&quot;inherit&quot;}}\"><h4 class=\"bt_bb_headline_tag\"><span class=\"bt_bb_headline_content\"><span><u>Development &amp; Management Consulting<\/u><\/span><\/span><\/h4><div class=\"bt_bb_headline_subheadline\">L'offre de solutions de conseil en d\u00e9veloppement et en gestion d'AMSCO repose sur l'id\u00e9e que les march\u00e9s doivent fonctionner pour promouvoir le d\u00e9veloppement \u00e9conomique et social.<\/div><\/header><div class=\"bt_bb_separator bt_bb_border_style_none bt_bb_bottom_spacing_normal\" data-bt-override-class=\"null\"><\/div><\/div><\/div><\/div><\/div><\/div><!-- cell_inner --><\/div><!-- cell --><\/div><!-- port --><\/section>","protected":false},"excerpt":{"rendered":"","protected":false},"author":2,"featured_media":1823,"parent":0,"menu_order":0,"comment_status":"closed","ping_status":"closed","template":"","meta":{"footnotes":""},"class_list":["post-1637","page","type-page","status-publish","has-post-thumbnail","hentry"],"yoast_head":"<!-- This site is optimized with the Yoast SEO plugin v27.4 - https:\/\/yoast.com\/product\/yoast-seo-wordpress\/ -->\n<title>Services - AMSCO<\/title>\n<meta name=\"robots\" content=\"index, follow, max-snippet:-1, max-image-preview:large, max-video-preview:-1\" \/>\n<link rel=\"canonical\" href=\"https:\/\/amsco-africa.com\/fr\/services\/\" \/>\n<meta property=\"og:locale\" content=\"fr_FR\" \/>\n<meta property=\"og:type\" content=\"article\" \/>\n<meta property=\"og:title\" content=\"Services - AMSCO\" \/>\n<meta property=\"og:url\" content=\"https:\/\/amsco-africa.com\/fr\/services\/\" \/>\n<meta property=\"og:site_name\" content=\"AMSCO\" \/>\n<meta property=\"article:modified_time\" content=\"2024-07-09T07:38:18+00:00\" \/>\n<meta property=\"og:image\" content=\"https:\/\/amsco-africa.com\/wp-content\/uploads\/2017\/04\/blog-post-04.jpg\" \/>\n\t<meta property=\"og:image:width\" content=\"2500\" \/>\n\t<meta property=\"og:image:height\" content=\"1667\" \/>\n\t<meta property=\"og:image:type\" content=\"image\/jpeg\" \/>\n<meta name=\"twitter:card\" content=\"summary_large_image\" \/>\n<meta name=\"twitter:label1\" content=\"Dur\u00e9e de lecture estim\u00e9e\" \/>\n\t<meta name=\"twitter:data1\" content=\"9 minutes\" \/>\n<script type=\"application\/ld+json\" class=\"yoast-schema-graph\">{\"@context\":\"https:\\\/\\\/schema.org\",\"@graph\":[{\"@type\":\"WebPage\",\"@id\":\"https:\\\/\\\/amsco-africa.com\\\/services\\\/\",\"url\":\"https:\\\/\\\/amsco-africa.com\\\/services\\\/\",\"name\":\"Services - AMSCO\",\"isPartOf\":{\"@id\":\"https:\\\/\\\/amsco-africa.com\\\/#website\"},\"primaryImageOfPage\":{\"@id\":\"https:\\\/\\\/amsco-africa.com\\\/services\\\/#primaryimage\"},\"image\":{\"@id\":\"https:\\\/\\\/amsco-africa.com\\\/services\\\/#primaryimage\"},\"thumbnailUrl\":\"https:\\\/\\\/amsco-africa.com\\\/wp-content\\\/uploads\\\/2017\\\/04\\\/blog-post-04.jpg\",\"datePublished\":\"2019-04-01T10:25:28+00:00\",\"dateModified\":\"2024-07-09T07:38:18+00:00\",\"breadcrumb\":{\"@id\":\"https:\\\/\\\/amsco-africa.com\\\/services\\\/#breadcrumb\"},\"inLanguage\":\"fr-FR\",\"potentialAction\":[{\"@type\":\"ReadAction\",\"target\":[\"https:\\\/\\\/amsco-africa.com\\\/services\\\/\"]}]},{\"@type\":\"ImageObject\",\"inLanguage\":\"fr-FR\",\"@id\":\"https:\\\/\\\/amsco-africa.com\\\/services\\\/#primaryimage\",\"url\":\"https:\\\/\\\/amsco-africa.com\\\/wp-content\\\/uploads\\\/2017\\\/04\\\/blog-post-04.jpg\",\"contentUrl\":\"https:\\\/\\\/amsco-africa.com\\\/wp-content\\\/uploads\\\/2017\\\/04\\\/blog-post-04.jpg\",\"width\":2500,\"height\":1667},{\"@type\":\"BreadcrumbList\",\"@id\":\"https:\\\/\\\/amsco-africa.com\\\/services\\\/#breadcrumb\",\"itemListElement\":[{\"@type\":\"ListItem\",\"position\":1,\"name\":\"Home\",\"item\":\"https:\\\/\\\/amsco-africa.com\\\/\"},{\"@type\":\"ListItem\",\"position\":2,\"name\":\"Services\"}]},{\"@type\":\"WebSite\",\"@id\":\"https:\\\/\\\/amsco-africa.com\\\/#website\",\"url\":\"https:\\\/\\\/amsco-africa.com\\\/\",\"name\":\"AMSCO\",\"description\":\"Growing People, Growing Companies, Growing Africa\",\"potentialAction\":[{\"@type\":\"SearchAction\",\"target\":{\"@type\":\"EntryPoint\",\"urlTemplate\":\"https:\\\/\\\/amsco-africa.com\\\/?s={search_term_string}\"},\"query-input\":{\"@type\":\"PropertyValueSpecification\",\"valueRequired\":true,\"valueName\":\"search_term_string\"}}],\"inLanguage\":\"fr-FR\"}]}<\/script>\n<!-- \/ Yoast SEO plugin. -->","yoast_head_json":{"title":"Services - AMSCO","robots":{"index":"index","follow":"follow","max-snippet":"max-snippet:-1","max-image-preview":"max-image-preview:large","max-video-preview":"max-video-preview:-1"},"canonical":"https:\/\/amsco-africa.com\/fr\/services\/","og_locale":"fr_FR","og_type":"article","og_title":"Services - AMSCO","og_url":"https:\/\/amsco-africa.com\/fr\/services\/","og_site_name":"AMSCO","article_modified_time":"2024-07-09T07:38:18+00:00","og_image":[{"width":2500,"height":1667,"url":"https:\/\/amsco-africa.com\/wp-content\/uploads\/2017\/04\/blog-post-04.jpg","type":"image\/jpeg"}],"twitter_card":"summary_large_image","twitter_misc":{"Dur\u00e9e de lecture estim\u00e9e":"9 minutes"},"schema":{"@context":"https:\/\/schema.org","@graph":[{"@type":"WebPage","@id":"https:\/\/amsco-africa.com\/services\/","url":"https:\/\/amsco-africa.com\/services\/","name":"Services - AMSCO","isPartOf":{"@id":"https:\/\/amsco-africa.com\/#website"},"primaryImageOfPage":{"@id":"https:\/\/amsco-africa.com\/services\/#primaryimage"},"image":{"@id":"https:\/\/amsco-africa.com\/services\/#primaryimage"},"thumbnailUrl":"https:\/\/amsco-africa.com\/wp-content\/uploads\/2017\/04\/blog-post-04.jpg","datePublished":"2019-04-01T10:25:28+00:00","dateModified":"2024-07-09T07:38:18+00:00","breadcrumb":{"@id":"https:\/\/amsco-africa.com\/services\/#breadcrumb"},"inLanguage":"fr-FR","potentialAction":[{"@type":"ReadAction","target":["https:\/\/amsco-africa.com\/services\/"]}]},{"@type":"ImageObject","inLanguage":"fr-FR","@id":"https:\/\/amsco-africa.com\/services\/#primaryimage","url":"https:\/\/amsco-africa.com\/wp-content\/uploads\/2017\/04\/blog-post-04.jpg","contentUrl":"https:\/\/amsco-africa.com\/wp-content\/uploads\/2017\/04\/blog-post-04.jpg","width":2500,"height":1667},{"@type":"BreadcrumbList","@id":"https:\/\/amsco-africa.com\/services\/#breadcrumb","itemListElement":[{"@type":"ListItem","position":1,"name":"Home","item":"https:\/\/amsco-africa.com\/"},{"@type":"ListItem","position":2,"name":"Services"}]},{"@type":"WebSite","@id":"https:\/\/amsco-africa.com\/#website","url":"https:\/\/amsco-africa.com\/","name":"AMSCO","description":"Growing People, Growing Companies, Growing Africa","potentialAction":[{"@type":"SearchAction","target":{"@type":"EntryPoint","urlTemplate":"https:\/\/amsco-africa.com\/?s={search_term_string}"},"query-input":{"@type":"PropertyValueSpecification","valueRequired":true,"valueName":"search_term_string"}}],"inLanguage":"fr-FR"}]}},"_links":{"self":[{"href":"https:\/\/amsco-africa.com\/fr\/wp-json\/wp\/v2\/pages\/1637","targetHints":{"allow":["GET"]}}],"collection":[{"href":"https:\/\/amsco-africa.com\/fr\/wp-json\/wp\/v2\/pages"}],"about":[{"href":"https:\/\/amsco-africa.com\/fr\/wp-json\/wp\/v2\/types\/page"}],"author":[{"embeddable":true,"href":"https:\/\/amsco-africa.com\/fr\/wp-json\/wp\/v2\/users\/2"}],"replies":[{"embeddable":true,"href":"https:\/\/amsco-africa.com\/fr\/wp-json\/wp\/v2\/comments?post=1637"}],"version-history":[{"count":27,"href":"https:\/\/amsco-africa.com\/fr\/wp-json\/wp\/v2\/pages\/1637\/revisions"}],"predecessor-version":[{"id":3444,"href":"https:\/\/amsco-africa.com\/fr\/wp-json\/wp\/v2\/pages\/1637\/revisions\/3444"}],"wp:featuredmedia":[{"embeddable":true,"href":"https:\/\/amsco-africa.com\/fr\/wp-json\/wp\/v2\/media\/1823"}],"wp:attachment":[{"href":"https:\/\/amsco-africa.com\/fr\/wp-json\/wp\/v2\/media?parent=1637"}],"curies":[{"name":"wp","href":"https:\/\/api.w.org\/{rel}","templated":true}]}}