{"id":2717,"date":"2024-05-02T15:55:47","date_gmt":"2024-05-02T15:55:47","guid":{"rendered":"https:\/\/amsco-africa.com\/new\/?page_id=2717"},"modified":"2026-03-27T14:37:49","modified_gmt":"2026-03-27T14:37:49","slug":"recruitment","status":"publish","type":"page","link":"https:\/\/amsco-africa.com\/fr\/services\/recruitment\/","title":{"rendered":"Recrutement"},"content":{"rendered":"<p><section id=\"bt_bb_section69ec4beb5d1c8\" class=\"bt_bb_section bt_bb_layout_boxed_1200 bt_bb_vertical_align_top bt_bb_bottom_section_coverage_image bt_bb_section_with_bottom_coverage_image bt_bb_section_show_left_boxed_content\" style=\"background-position:left center;background-size:contain;\" data-bt-override-class=\"null\"><div class=\"bt_bb_background_image_holder_wrapper\"><div class=\"bt_bb_background_image_holder btLazyLoadBackground\"  data-background_image_src=\"https:\/\/amsco-africa.com\/wp-content\/uploads\/2019\/04\/bgn-cases-2.png\" data-parallax-zoom-start=\"1\" data-parallax-zoom-end=\"1\" data-parallax-blur-start=\"0\" data-parallax-blur-end=\"0\" data-parallax-opacity-start=\"1\" data-parallax-opacity-end=\"1\" style=\" background-image: url(&#039;https:\/\/amsco-africa.com\/wp-content\/plugins\/bold-page-builder\/img\/blank.gif&#039;);\"><\/div><\/div><div class=\"bt_bb_port\"><div class=\"bt_bb_cell\"><div class=\"bt_bb_cell_inner\"><div class=\"bt_bb_row\"  data-bt-override-class=\"{}\"><div class=\"bt_bb_row_holder\" ><div  class=\"bt_bb_column col-xxl-6 col-xl-6 bt_bb_vertical_align_top bt_bb_align_left bt_bb_padding_double bt_bb_animation_fade_in animate\"  data-width=\"6\" data-bt-override-class=\"{}\"><div class=\"bt_bb_column_content\"><div class=\"bt_bb_separator bt_bb_border_style_none bt_bb_bottom_spacing_medium bt_bb_hidden_md bt_bb_hidden_lg\" data-bt-override-class=\"null\"><\/div><div data-bb-version=\"4.9.1\" class=\"bt_bb_separator bt_bb_border_style_none bt_bb_top_spacing_extra_small bt_bb_bottom_spacing_none bt_bb_hidden_xs bt_bb_hidden_ms\" data-bt-override-class=\"{&quot;bt_bb_top_spacing_&quot;:{&quot;current_class&quot;:&quot;bt_bb_top_spacing_extra_small&quot;,&quot;def&quot;:&quot;extra_small&quot;},&quot;bt_bb_bottom_spacing_&quot;:{&quot;current_class&quot;:&quot;bt_bb_bottom_spacing_none&quot;,&quot;def&quot;:&quot;none&quot;}}\"><\/div><header data-bb-version=\"4.9.1\" class=\"bt_bb_headline bt_bb_subheadline_text_transform_default bt_bb_dash_top bt_bb_superheadline bt_bb_subheadline bt_bb_size_inherit bt_bb_align_inherit\" data-bt-override-class=\"{&quot;bt_bb_size_&quot;:{&quot;current_class&quot;:&quot;bt_bb_size_inherit&quot;,&quot;def&quot;:&quot;inherit&quot;},&quot;bt_bb_align_&quot;:{&quot;current_class&quot;:&quot;bt_bb_align_inherit&quot;,&quot;def&quot;:&quot;inherit&quot;}}\"><h3 class=\"bt_bb_headline_tag\"><span class=\"bt_bb_headline_superheadline\">RESSOURCES HUMAINES<\/span><span class=\"bt_bb_headline_content\"><span><b>Recrutement<\/b><\/span><\/span><\/h3><div class=\"bt_bb_headline_subheadline\">AMSCO est une entreprise de recrutement leader en Afrique qui comprend les besoins Africains. Nous avons am\u00e9lior\u00e9 notre offre de services pour aider les entreprises Africaines en pleine croissance.<\/div><\/header><div class=\"bt_bb_separator bt_bb_border_style_solid bt_bb_top_spacing_normal bt_bb_bottom_spacing_normal\" style=\"; border-width: 2px\" data-bt-override-class=\"null\"><\/div><div class=\"bt_bb_row_inner\"   data-bt-override-class=\"{}\"><div class=\"bt_bb_row_inner_holder\"  ><div  class=\"bt_bb_column_inner col-xxl-6 col-xl-6 bt_bb_align_left bt_bb_vertical_align_top\"  data-width=\"6\" data-bt-override-class=\"{}\"><div class=\"bt_bb_column_inner_content\"><div  class=\"bt_bb_text\" ><\/p>\n<p style=\"text-align: justify;\">Ces services comprennent la recherche et le recrutement, l'externalisation des processus de recrutement et des services g\u00e9r\u00e9s. Avec une pr\u00e9sence locale dans 7 pays, le recrutement a couvert 29 pays \u00e0 travers l'Afrique subsaharienne, en recherchant et en pla\u00e7ant du personnel dans des entreprises africaines.<\/p>\n<p>\n<\/div><div class=\"bt_bb_separator bt_bb_border_style_none bt_bb_bottom_spacing_normal bt_bb_hidden_md bt_bb_hidden_lg\" data-bt-override-class=\"null\"><\/div><\/div><\/div><div  class=\"bt_bb_column_inner col-xxl-6 col-xl-6 bt_bb_align_left bt_bb_vertical_align_top\"  data-width=\"6\" data-bt-override-class=\"{}\"><div class=\"bt_bb_column_inner_content\"><div  class=\"bt_bb_text\" ><\/p>\n<p style=\"text-align: justify;\">L'\u00e9quipe de recrutement d'AMSCO ne se contente pas d'assurer un recrutement de bout en bout pour r\u00e9pondre aux besoins de ses clients, mais favorise \u00e9galement le d\u00e9veloppement des comp\u00e9tences dans le but d'une expertise sectorielle \u00e0 long terme et d'une croissance \u00e9conomique ult\u00e9rieure.<\/p>\n<p>\n<\/div><\/div><\/div><\/div><\/div><div class=\"bt_bb_separator bt_bb_border_style_none bt_bb_bottom_spacing_medium bt_bb_hidden_md bt_bb_hidden_lg\" data-bt-override-class=\"null\"><\/div><\/div><\/div><div data-bb-version=\"4.9.1\"  class=\"bt_bb_column col-xxl-6 col-xl-6 bt_bb_vertical_align_top bt_bb_align_left btLazyLoadBackground bt_bb_column_background_image bt_bb_mobile_align_to_both_edges bt_bb_padding_normal\" style=\"background-image:url(&#039;https:\/\/amsco-africa.com\/wp-content\/plugins\/bold-page-builder\/img\/blank.gif&#039;);\" data-background_image_src='https:\/\/amsco-africa.com\/wp-content\/uploads\/2024\/05\/blog-post-71.jpg' data-width=\"6\" data-bt-override-class=\"{&quot;bt_bb_align_&quot;:{&quot;current_class&quot;:&quot;bt_bb_align_left&quot;,&quot;def&quot;:&quot;left&quot;},&quot;bt_bb_padding_&quot;:{&quot;current_class&quot;:&quot;bt_bb_padding_normal&quot;,&quot;def&quot;:&quot;normal&quot;}}\"><div class=\"bt_bb_column_content\"><div class=\"bt_bb_separator bt_bb_border_style_none bt_bb_top_spacing_extra_large bt_bb_bottom_spacing_extra_large\" data-bt-override-class=\"null\"><\/div><\/div><\/div><\/div><\/div><\/div><!-- cell_inner --><\/div><!-- cell --><\/div><!-- port --><div class=\"bt_bb_section_bottom_section_coverage_image\"><img decoding=\"async\" src=\"https:\/\/amsco-africa.com\/wp-content\/uploads\/2019\/04\/bgn-quotes-bottom.png\" alt=\"bt_bb_section_bottom_section_coverage_image\" \/><\/div><\/section><section data-bb-version=\"4.9.1\" id=\"bt_bb_section69ec4beb5d831\" class=\"bt_bb_section bt_bb_layout_boxed_1200 bt_bb_vertical_align_top bt_bb_top_spacing_medium bt_bb_bottom_spacing_large\" style=\";background-color:#f5f5f5;\" data-bt-override-class=\"{&quot;bt_bb_top_spacing_&quot;:{&quot;current_class&quot;:&quot;bt_bb_top_spacing_medium&quot;,&quot;def&quot;:&quot;medium&quot;},&quot;bt_bb_bottom_spacing_&quot;:{&quot;current_class&quot;:&quot;bt_bb_bottom_spacing_large&quot;,&quot;def&quot;:&quot;large&quot;}}\"><div class=\"bt_bb_port\"><div class=\"bt_bb_cell\"><div class=\"bt_bb_cell_inner\"><div class=\"bt_bb_row\"  data-bt-override-class=\"{}\"><div class=\"bt_bb_row_holder\" ><div  class=\"bt_bb_column col-xxl-6 col-xl-6 bt_bb_vertical_align_top bt_bb_align_left bt_bb_padding_normal bt_bb_animation_fade_in move_up animate\"  data-width=\"6\" data-bt-override-class=\"{}\"><div class=\"bt_bb_column_content\"><div class=\"bt_bb_separator bt_bb_border_style_none bt_bb_bottom_spacing_normal bt_bb_hidden_md bt_bb_hidden_lg\" data-bt-override-class=\"null\"><\/div><header data-bb-version=\"4.9.1\" class=\"bt_bb_headline bt_bb_subheadline_text_transform_default bt_bb_dash_top bt_bb_superheadline bt_bb_superheadline_outside bt_bb_size_large bt_bb_align_inherit\" data-bt-override-class=\"{&quot;bt_bb_size_&quot;:{&quot;current_class&quot;:&quot;bt_bb_size_large&quot;,&quot;def&quot;:&quot;large&quot;},&quot;bt_bb_align_&quot;:{&quot;current_class&quot;:&quot;bt_bb_align_inherit&quot;,&quot;def&quot;:&quot;inherit&quot;}}\"><div class=\"bt_bb_headline_superheadline_outside\"><span class=\"bt_bb_headline_superheadline\">DESCRIPTION DU SERVICE<\/span><\/div><\/header><div class=\"bt_bb_separator bt_bb_border_style_none bt_bb_bottom_spacing_small\" data-bt-override-class=\"{&quot;bt_bb_bottom_spacing_&quot;:{&quot;current_class&quot;:&quot;bt_bb_bottom_spacing_small&quot;,&quot;def&quot;:&quot;small&quot;}}\"><\/div><\/div><\/div><div  class=\"bt_bb_column col-xxl-6 col-xl-6 bt_bb_vertical_align_top bt_bb_align_left bt_bb_padding_normal\"  data-width=\"6\" data-bt-override-class=\"{}\"><div class=\"bt_bb_column_content\"><\/div><\/div><\/div><\/div><div class=\"bt_bb_row\"  data-bt-override-class=\"{}\"><div class=\"bt_bb_row_holder\" ><div  class=\"bt_bb_column col-xxl-12 col-xl-12 col-xs-12 col-sm-12 col-md-12 col-lg-12 bt_bb_vertical_align_top bt_bb_align_left bt_bb_padding_normal bt_bb_animation_fade_in move_up animate\"  data-width=\"12\" data-bt-override-class=\"{}\"><div class=\"bt_bb_column_content\"><div  class=\"bt_bb_text\" ><\/p>\n<p style=\"text-align: justify;\">Forts de plus de 30 ans d'exp\u00e9rience dans la recherche et le placement de cadres moyens et sup\u00e9rieurs experts de l'industrie pour travailler dans de multiples secteurs dans plus de 29 pays d'Afrique subsaharienne, notre objectif est d'avoir un impact sur les entreprises africaines. Nous croyons en un recrutement qui transcende les meilleures pratiques mondiales.<\/p>\n<p>\n<\/div><div  class=\"bt_bb_text\" ><\/p>\n<p style=\"text-align: justify;\">We believe in recruitment that transcends global best practices.<\/p>\n<p style=\"text-align: justify;\">Nos recruteurs ont une connaissance intime des r\u00e9gions dans lesquelles ils op\u00e8rent, avec les contacts industriels et les comp\u00e9tences de r\u00e9seautage n\u00e9cessaires pour d\u00e9couvrir et approcher directement les candidats. Nous forgeons des relations \u00e0 long terme avec nos clients, non seulement pour les aider \u00e0 trouver le meilleur candidat qui fera progresser leur carri\u00e8re au sein de l'entreprise cliente, mais aussi pour devenir le partenaire de recrutement de confiance.<\/p>\n<p>\n<\/div><div class=\"bt_bb_separator bt_bb_border_style_none bt_bb_bottom_spacing_small bt_bb_hidden_md bt_bb_hidden_lg\" data-bt-override-class=\"null\"><\/div><\/div><\/div><\/div><\/div><\/div><!-- cell_inner --><\/div><!-- cell --><\/div><!-- port --><\/section><section data-bb-version=\"4.9.1\" id=\"bt_bb_section69ec4beb5db40\" class=\"bt_bb_section bt_bb_layout_boxed_1200\"  data-bt-override-class=\"null\"><div class=\"bt_bb_port\"><div class=\"bt_bb_cell\"><div class=\"bt_bb_cell_inner\"><div class=\"bt_bb_row\"  data-bt-override-class=\"{}\"><div class=\"bt_bb_row_holder\" ><div data-bb-version=\"4.9.1\"  class=\"bt_bb_column col-xxl-12 col-xl-12 col-xs-12 col-sm-12 col-md-12 col-lg-12 bt_bb_vertical_align_top bt_bb_align_left bt_bb_padding_normal\"  data-width=\"12\" data-bt-override-class=\"{}\"><div class=\"bt_bb_column_content\"><header data-bb-version=\"4.9.1\" class=\"bt_bb_headline bt_bb_subheadline_text_transform_default bt_bb_dash_top bt_bb_superheadline bt_bb_superheadline_outside bt_bb_size_inherit bt_bb_align_inherit\" data-bt-override-class=\"{&quot;bt_bb_size_&quot;:{&quot;current_class&quot;:&quot;bt_bb_size_inherit&quot;,&quot;def&quot;:&quot;inherit&quot;},&quot;bt_bb_align_&quot;:{&quot;current_class&quot;:&quot;bt_bb_align_inherit&quot;,&quot;def&quot;:&quot;inherit&quot;}}\"><div class=\"bt_bb_headline_superheadline_outside\"><span class=\"bt_bb_headline_superheadline\">ACTIVITES<\/span><\/div><\/header><\/div><\/div><\/div><\/div><div class=\"bt_bb_row  bt_bb_column_gap_10\" style=\"; --column-gap:10px;\" data-bt-override-class=\"{}\"><div class=\"bt_bb_row_holder\" ><div  class=\"bt_bb_column col-xxl-4 col-xl-4 bt_bb_vertical_align_top bt_bb_align_left bt_bb_padding_normal bt_bb_animation_fade_in move_up animate\"  data-width=\"4\" data-bt-override-class=\"{}\"><div class=\"bt_bb_column_content\"><div data-bb-version=\"4.9.1\" class=\"bt_bb_separator bt_bb_border_style_none bt_bb_top_spacing_small bt_bb_bottom_spacing_small\" data-bt-override-class=\"{&quot;bt_bb_top_spacing_&quot;:{&quot;current_class&quot;:&quot;bt_bb_top_spacing_small&quot;,&quot;def&quot;:&quot;small&quot;},&quot;bt_bb_bottom_spacing_&quot;:{&quot;current_class&quot;:&quot;bt_bb_bottom_spacing_small&quot;,&quot;def&quot;:&quot;small&quot;}}\"><\/div><div data-bb-version=\"4.9.1\" id=\"box-benefits-recruitment-1\" class=\"bt_bb_price_list bt_bb_color_scheme_5\" style=\";background-color:rgb(245,245,245);; --price-list-primary-color:#191919; --price-list-secondary-color:#8b0128;\"><div class=\"bt_bb_price_list_title_subtitle_price\"><div class=\"bt_bb_price_list_title_wrap\"><div class=\"bt_bb_price_list_price\"><span class=\"bt_bb_price_list_currency\"><\/span><span class=\"bt_bb_price_list_amount\"><\/span><\/div><div class=\"bt_bb_price_list_title_subtitle\"><div class=\"bt_bb_price_list_subtitle\"><\/div><div class=\"bt_bb_price_list_title\">Recrutement Professionnel<\/div><\/div><\/div><\/div><ul><li>Recherche de Cadres<br \/><\/li><li>Recrutement de candidats de cadres moyens \u00e0 sup\u00e9rieurs dans toute les disciplines.<\/li><\/ul><\/div><div class=\"bt_bb_separator bt_bb_border_style_none bt_bb_top_spacing_extra_small bt_bb_bottom_spacing_small\" data-bt-override-class=\"null\"><\/div><div class=\"bt_bb_separator bt_bb_border_style_none bt_bb_bottom_spacing_small\" data-bt-override-class=\"null\"><\/div><\/div><\/div><div  class=\"bt_bb_column col-xxl-4 col-xl-4 bt_bb_vertical_align_top bt_bb_align_left bt_bb_padding_normal bt_bb_animation_fade_in move_up animate\"  data-width=\"4\" data-bt-override-class=\"{}\"><div class=\"bt_bb_column_content\"><div data-bb-version=\"4.9.1\" class=\"bt_bb_separator bt_bb_border_style_none bt_bb_top_spacing_small bt_bb_bottom_spacing_small\" data-bt-override-class=\"{&quot;bt_bb_top_spacing_&quot;:{&quot;current_class&quot;:&quot;bt_bb_top_spacing_small&quot;,&quot;def&quot;:&quot;small&quot;},&quot;bt_bb_bottom_spacing_&quot;:{&quot;current_class&quot;:&quot;bt_bb_bottom_spacing_small&quot;,&quot;def&quot;:&quot;small&quot;}}\"><\/div><div data-bb-version=\"4.9.1\" id=\"box-benefits-recruitment-2\" class=\"bt_bb_price_list bt_bb_color_scheme_4\" style=\";background-color:rgb(245,245,245);; --price-list-primary-color:#8b0128; --price-list-secondary-color:#ffffff;\"><div class=\"bt_bb_price_list_title_subtitle_price\"><div class=\"bt_bb_price_list_title_wrap\"><div class=\"bt_bb_price_list_price\"><span class=\"bt_bb_price_list_currency\"><\/span><span class=\"bt_bb_price_list_amount\"><\/span><\/div><div class=\"bt_bb_price_list_title_subtitle\"><div class=\"bt_bb_price_list_subtitle\"><\/div><div class=\"bt_bb_price_list_title\">Solution de dotation en personnel<\/div><\/div><\/div><\/div><ul><li>Support externalis\u00e9 rationalis\u00e9 concernant les t\u00e2ches op\u00e9rationnelles des ressources humaines.<br \/><\/li><li>Paie<br \/><\/li><li>Syst\u00e8mes de gestion du temps.<\/li><\/ul><\/div><div class=\"bt_bb_separator bt_bb_border_style_none bt_bb_top_spacing_extra_small bt_bb_bottom_spacing_small\" data-bt-override-class=\"null\"><\/div><div class=\"bt_bb_separator bt_bb_border_style_none bt_bb_bottom_spacing_small\" data-bt-override-class=\"null\"><\/div><\/div><\/div><div  class=\"bt_bb_column col-xxl-4 col-xl-4 bt_bb_vertical_align_top bt_bb_align_left bt_bb_padding_normal bt_bb_animation_fade_in move_up animate\"  data-width=\"4\" data-bt-override-class=\"{}\"><div class=\"bt_bb_column_content\"><div data-bb-version=\"4.9.1\" class=\"bt_bb_separator bt_bb_border_style_none bt_bb_top_spacing_small bt_bb_bottom_spacing_small\" data-bt-override-class=\"{&quot;bt_bb_top_spacing_&quot;:{&quot;current_class&quot;:&quot;bt_bb_top_spacing_small&quot;,&quot;def&quot;:&quot;small&quot;},&quot;bt_bb_bottom_spacing_&quot;:{&quot;current_class&quot;:&quot;bt_bb_bottom_spacing_small&quot;,&quot;def&quot;:&quot;small&quot;}}\"><\/div><div data-bb-version=\"4.9.1\" id=\"box-benefits-recruitment-3\" class=\"bt_bb_price_list bt_bb_color_scheme_5\" style=\";background-color:rgb(245,245,245);; --price-list-primary-color:#191919; --price-list-secondary-color:#8b0128;\"><div class=\"bt_bb_price_list_title_subtitle_price\"><div class=\"bt_bb_price_list_title_wrap\"><div class=\"bt_bb_price_list_price\"><span class=\"bt_bb_price_list_currency\"><\/span><span class=\"bt_bb_price_list_amount\"><\/span><\/div><div class=\"bt_bb_price_list_title_subtitle\"><div class=\"bt_bb_price_list_subtitle\"><\/div><div class=\"bt_bb_price_list_title\">Externalisation des processus de recrutement<\/div><\/div><\/div><\/div><ul><li>Conception et mis en \u0153uvre des solutions d'externalisation du recrutement sur mesure<br \/><\/li><li>Infrastructure technologique pour soutenir l'externalisation.<br \/><\/li><li>Sp\u00e9cialiste en mati\u00e8re de recrutement et de s\u00e9lection strat\u00e9gique.<br \/><\/li><li>Travailler avec des PME et des multinationales.<\/li><\/ul><\/div><div class=\"bt_bb_separator bt_bb_border_style_none bt_bb_top_spacing_extra_small bt_bb_bottom_spacing_small\" data-bt-override-class=\"null\"><\/div><div class=\"bt_bb_separator bt_bb_border_style_none bt_bb_bottom_spacing_small\" data-bt-override-class=\"null\"><\/div><\/div><\/div><\/div><\/div><\/div><!-- cell_inner --><\/div><!-- cell --><\/div><!-- port --><\/section><\/p>","protected":false},"excerpt":{"rendered":"","protected":false},"author":1,"featured_media":2969,"parent":1637,"menu_order":0,"comment_status":"closed","ping_status":"closed","template":"","meta":{"footnotes":""},"class_list":["post-2717","page","type-page","status-publish","has-post-thumbnail","hentry"],"yoast_head":"<!-- This site is optimized with the Yoast SEO plugin v27.4 - https:\/\/yoast.com\/product\/yoast-seo-wordpress\/ -->\n<title>Recruitment - AMSCO<\/title>\n<meta name=\"description\" content=\"AMSCO offers end-to-end recruitment across 29 sub-Saharan African countries \u2014 executive search, RPO, and management staffing solutions tailored to African businesses.\" \/>\n<meta name=\"robots\" content=\"index, follow, max-snippet:-1, max-image-preview:large, max-video-preview:-1\" \/>\n<link rel=\"canonical\" href=\"https:\/\/amsco-africa.com\/fr\/services\/recruitment\/\" \/>\n<meta property=\"og:locale\" content=\"fr_FR\" \/>\n<meta property=\"og:type\" content=\"article\" \/>\n<meta property=\"og:title\" content=\"Recruitment - AMSCO\" \/>\n<meta property=\"og:description\" content=\"AMSCO offers end-to-end recruitment across 29 sub-Saharan African countries \u2014 executive search, RPO, and management staffing solutions tailored to African businesses.\" \/>\n<meta property=\"og:url\" content=\"https:\/\/amsco-africa.com\/fr\/services\/recruitment\/\" \/>\n<meta property=\"og:site_name\" content=\"AMSCO\" \/>\n<meta property=\"article:modified_time\" content=\"2026-03-27T14:37:49+00:00\" \/>\n<meta property=\"og:image\" content=\"https:\/\/amsco-africa.com\/wp-content\/uploads\/2024\/05\/blog-post-71.jpg\" \/>\n\t<meta property=\"og:image:width\" content=\"2500\" \/>\n\t<meta property=\"og:image:height\" content=\"1667\" \/>\n\t<meta property=\"og:image:type\" content=\"image\/jpeg\" \/>\n<meta name=\"twitter:card\" content=\"summary_large_image\" \/>\n<meta name=\"twitter:label1\" content=\"Dur\u00e9e de lecture estim\u00e9e\" \/>\n\t<meta name=\"twitter:data1\" content=\"2 minutes\" \/>\n<script type=\"application\/ld+json\" class=\"yoast-schema-graph\">{\"@context\":\"https:\\\/\\\/schema.org\",\"@graph\":[{\"@type\":\"WebPage\",\"@id\":\"https:\\\/\\\/amsco-africa.com\\\/services\\\/recruitment\\\/\",\"url\":\"https:\\\/\\\/amsco-africa.com\\\/services\\\/recruitment\\\/\",\"name\":\"Recruitment - AMSCO\",\"isPartOf\":{\"@id\":\"https:\\\/\\\/amsco-africa.com\\\/#website\"},\"primaryImageOfPage\":{\"@id\":\"https:\\\/\\\/amsco-africa.com\\\/services\\\/recruitment\\\/#primaryimage\"},\"image\":{\"@id\":\"https:\\\/\\\/amsco-africa.com\\\/services\\\/recruitment\\\/#primaryimage\"},\"thumbnailUrl\":\"https:\\\/\\\/amsco-africa.com\\\/wp-content\\\/uploads\\\/2024\\\/05\\\/blog-post-71.jpg\",\"datePublished\":\"2024-05-02T15:55:47+00:00\",\"dateModified\":\"2026-03-27T14:37:49+00:00\",\"description\":\"AMSCO offers end-to-end recruitment across 29 sub-Saharan African countries \u2014 executive search, RPO, and management staffing solutions tailored to African businesses.\",\"breadcrumb\":{\"@id\":\"https:\\\/\\\/amsco-africa.com\\\/services\\\/recruitment\\\/#breadcrumb\"},\"inLanguage\":\"fr-FR\",\"potentialAction\":[{\"@type\":\"ReadAction\",\"target\":[\"https:\\\/\\\/amsco-africa.com\\\/services\\\/recruitment\\\/\"]}]},{\"@type\":\"ImageObject\",\"inLanguage\":\"fr-FR\",\"@id\":\"https:\\\/\\\/amsco-africa.com\\\/services\\\/recruitment\\\/#primaryimage\",\"url\":\"https:\\\/\\\/amsco-africa.com\\\/wp-content\\\/uploads\\\/2024\\\/05\\\/blog-post-71.jpg\",\"contentUrl\":\"https:\\\/\\\/amsco-africa.com\\\/wp-content\\\/uploads\\\/2024\\\/05\\\/blog-post-71.jpg\",\"width\":2500,\"height\":1667},{\"@type\":\"BreadcrumbList\",\"@id\":\"https:\\\/\\\/amsco-africa.com\\\/services\\\/recruitment\\\/#breadcrumb\",\"itemListElement\":[{\"@type\":\"ListItem\",\"position\":1,\"name\":\"Home\",\"item\":\"https:\\\/\\\/amsco-africa.com\\\/\"},{\"@type\":\"ListItem\",\"position\":2,\"name\":\"Services\",\"item\":\"https:\\\/\\\/amsco-africa.com\\\/services\\\/\"},{\"@type\":\"ListItem\",\"position\":3,\"name\":\"Recruitment\"}]},{\"@type\":\"WebSite\",\"@id\":\"https:\\\/\\\/amsco-africa.com\\\/#website\",\"url\":\"https:\\\/\\\/amsco-africa.com\\\/\",\"name\":\"AMSCO\",\"description\":\"Growing People, Growing Companies, Growing Africa\",\"potentialAction\":[{\"@type\":\"SearchAction\",\"target\":{\"@type\":\"EntryPoint\",\"urlTemplate\":\"https:\\\/\\\/amsco-africa.com\\\/?s={search_term_string}\"},\"query-input\":{\"@type\":\"PropertyValueSpecification\",\"valueRequired\":true,\"valueName\":\"search_term_string\"}}],\"inLanguage\":\"fr-FR\"}]}<\/script>\n<!-- \/ Yoast SEO plugin. -->","yoast_head_json":{"title":"Recruitment - AMSCO","description":"AMSCO offers end-to-end recruitment across 29 sub-Saharan African countries \u2014 executive search, RPO, and management staffing solutions tailored to African businesses.","robots":{"index":"index","follow":"follow","max-snippet":"max-snippet:-1","max-image-preview":"max-image-preview:large","max-video-preview":"max-video-preview:-1"},"canonical":"https:\/\/amsco-africa.com\/fr\/services\/recruitment\/","og_locale":"fr_FR","og_type":"article","og_title":"Recruitment - AMSCO","og_description":"AMSCO offers end-to-end recruitment across 29 sub-Saharan African countries \u2014 executive search, RPO, and management staffing solutions tailored to African businesses.","og_url":"https:\/\/amsco-africa.com\/fr\/services\/recruitment\/","og_site_name":"AMSCO","article_modified_time":"2026-03-27T14:37:49+00:00","og_image":[{"width":2500,"height":1667,"url":"https:\/\/amsco-africa.com\/wp-content\/uploads\/2024\/05\/blog-post-71.jpg","type":"image\/jpeg"}],"twitter_card":"summary_large_image","twitter_misc":{"Dur\u00e9e de lecture estim\u00e9e":"2 minutes"},"schema":{"@context":"https:\/\/schema.org","@graph":[{"@type":"WebPage","@id":"https:\/\/amsco-africa.com\/services\/recruitment\/","url":"https:\/\/amsco-africa.com\/services\/recruitment\/","name":"Recruitment - AMSCO","isPartOf":{"@id":"https:\/\/amsco-africa.com\/#website"},"primaryImageOfPage":{"@id":"https:\/\/amsco-africa.com\/services\/recruitment\/#primaryimage"},"image":{"@id":"https:\/\/amsco-africa.com\/services\/recruitment\/#primaryimage"},"thumbnailUrl":"https:\/\/amsco-africa.com\/wp-content\/uploads\/2024\/05\/blog-post-71.jpg","datePublished":"2024-05-02T15:55:47+00:00","dateModified":"2026-03-27T14:37:49+00:00","description":"AMSCO offers end-to-end recruitment across 29 sub-Saharan African countries \u2014 executive search, RPO, and management staffing solutions tailored to African businesses.","breadcrumb":{"@id":"https:\/\/amsco-africa.com\/services\/recruitment\/#breadcrumb"},"inLanguage":"fr-FR","potentialAction":[{"@type":"ReadAction","target":["https:\/\/amsco-africa.com\/services\/recruitment\/"]}]},{"@type":"ImageObject","inLanguage":"fr-FR","@id":"https:\/\/amsco-africa.com\/services\/recruitment\/#primaryimage","url":"https:\/\/amsco-africa.com\/wp-content\/uploads\/2024\/05\/blog-post-71.jpg","contentUrl":"https:\/\/amsco-africa.com\/wp-content\/uploads\/2024\/05\/blog-post-71.jpg","width":2500,"height":1667},{"@type":"BreadcrumbList","@id":"https:\/\/amsco-africa.com\/services\/recruitment\/#breadcrumb","itemListElement":[{"@type":"ListItem","position":1,"name":"Home","item":"https:\/\/amsco-africa.com\/"},{"@type":"ListItem","position":2,"name":"Services","item":"https:\/\/amsco-africa.com\/services\/"},{"@type":"ListItem","position":3,"name":"Recruitment"}]},{"@type":"WebSite","@id":"https:\/\/amsco-africa.com\/#website","url":"https:\/\/amsco-africa.com\/","name":"AMSCO","description":"Growing People, Growing Companies, Growing Africa","potentialAction":[{"@type":"SearchAction","target":{"@type":"EntryPoint","urlTemplate":"https:\/\/amsco-africa.com\/?s={search_term_string}"},"query-input":{"@type":"PropertyValueSpecification","valueRequired":true,"valueName":"search_term_string"}}],"inLanguage":"fr-FR"}]}},"_links":{"self":[{"href":"https:\/\/amsco-africa.com\/fr\/wp-json\/wp\/v2\/pages\/2717","targetHints":{"allow":["GET"]}}],"collection":[{"href":"https:\/\/amsco-africa.com\/fr\/wp-json\/wp\/v2\/pages"}],"about":[{"href":"https:\/\/amsco-africa.com\/fr\/wp-json\/wp\/v2\/types\/page"}],"author":[{"embeddable":true,"href":"https:\/\/amsco-africa.com\/fr\/wp-json\/wp\/v2\/users\/1"}],"replies":[{"embeddable":true,"href":"https:\/\/amsco-africa.com\/fr\/wp-json\/wp\/v2\/comments?post=2717"}],"version-history":[{"count":48,"href":"https:\/\/amsco-africa.com\/fr\/wp-json\/wp\/v2\/pages\/2717\/revisions"}],"predecessor-version":[{"id":3633,"href":"https:\/\/amsco-africa.com\/fr\/wp-json\/wp\/v2\/pages\/2717\/revisions\/3633"}],"up":[{"embeddable":true,"href":"https:\/\/amsco-africa.com\/fr\/wp-json\/wp\/v2\/pages\/1637"}],"wp:featuredmedia":[{"embeddable":true,"href":"https:\/\/amsco-africa.com\/fr\/wp-json\/wp\/v2\/media\/2969"}],"wp:attachment":[{"href":"https:\/\/amsco-africa.com\/fr\/wp-json\/wp\/v2\/media?parent=2717"}],"curies":[{"name":"wp","href":"https:\/\/api.w.org\/{rel}","templated":true}]}}