{"id":3081,"date":"2024-05-21T15:06:53","date_gmt":"2024-05-21T15:06:53","guid":{"rendered":"https:\/\/amsco-africa.com\/new\/?page_id=3081"},"modified":"2024-05-22T11:06:57","modified_gmt":"2024-05-22T11:06:57","slug":"sectors-projects","status":"publish","type":"page","link":"https:\/\/amsco-africa.com\/fr\/services\/sectors-projects\/","title":{"rendered":"Projets Sectoriels"},"content":{"rendered":"<p><section id=\"bt_bb_section69ea351ddbaca\" class=\"bt_bb_section bt_bb_layout_boxed_1200 bt_bb_vertical_align_top bt_bb_bottom_section_coverage_image bt_bb_section_with_bottom_coverage_image bt_bb_section_show_left_boxed_content\" style=\"background-position:left center;background-size:contain;\" data-bt-override-class=\"null\"><div class=\"bt_bb_background_image_holder_wrapper\"><div class=\"bt_bb_background_image_holder btLazyLoadBackground\"  data-background_image_src=\"https:\/\/amsco-africa.com\/wp-content\/uploads\/2019\/04\/bgn-cases-2.png\" data-parallax-zoom-start=\"1\" data-parallax-zoom-end=\"1\" data-parallax-blur-start=\"0\" data-parallax-blur-end=\"0\" data-parallax-opacity-start=\"1\" data-parallax-opacity-end=\"1\" style=\" background-image: url(&#039;https:\/\/amsco-africa.com\/wp-content\/plugins\/bold-page-builder\/img\/blank.gif&#039;);\"><\/div><\/div><div class=\"bt_bb_port\"><div class=\"bt_bb_cell\"><div class=\"bt_bb_cell_inner\"><div class=\"bt_bb_row\"  data-bt-override-class=\"{}\"><div class=\"bt_bb_row_holder\" ><div  class=\"bt_bb_column col-xxl-6 col-xl-6 bt_bb_vertical_align_top bt_bb_align_left bt_bb_padding_double bt_bb_animation_fade_in animate\"  data-width=\"6\" data-bt-override-class=\"{}\"><div class=\"bt_bb_column_content\"><header data-bb-version=\"4.9.1\" class=\"bt_bb_headline bt_bb_subheadline_text_transform_default bt_bb_dash_top bt_bb_superheadline bt_bb_size_inherit bt_bb_align_inherit\" data-bt-override-class=\"{&quot;bt_bb_size_&quot;:{&quot;current_class&quot;:&quot;bt_bb_size_inherit&quot;,&quot;def&quot;:&quot;inherit&quot;},&quot;bt_bb_align_&quot;:{&quot;current_class&quot;:&quot;bt_bb_align_inherit&quot;,&quot;def&quot;:&quot;inherit&quot;}}\"><h3 class=\"bt_bb_headline_tag\"><span class=\"bt_bb_headline_superheadline\">GESTION DE PROJET<\/span><span class=\"bt_bb_headline_content\"><span><b>Sectors<\/b> <u>Projets<\/u><\/span><\/span><\/h3><\/header><div data-bb-version=\"4.9.1\" class=\"bt_bb_separator bt_bb_border_style_none bt_bb_top_spacing_none bt_bb_bottom_spacing_medium\" data-bt-override-class=\"{&quot;bt_bb_top_spacing_&quot;:{&quot;current_class&quot;:&quot;bt_bb_top_spacing_none&quot;,&quot;def&quot;:&quot;none&quot;},&quot;bt_bb_bottom_spacing_&quot;:{&quot;current_class&quot;:&quot;bt_bb_bottom_spacing_medium&quot;,&quot;def&quot;:&quot;medium&quot;}}\"><\/div><div class=\"bt_bb_row_inner\"   data-bt-override-class=\"{}\"><div class=\"bt_bb_row_inner_holder\"  ><div  class=\"bt_bb_column_inner col-xxl-12 col-xl-12 col-xs-12 col-sm-12 col-md-12 col-lg-12 bt_bb_align_left bt_bb_vertical_align_top\"  data-width=\"12\" data-bt-override-class=\"{}\"><div class=\"bt_bb_column_inner_content\"><div  class=\"bt_bb_text\" ><\/p>\n<p>Les interventions d'AMSCO couvrent plusieurs secteurs ou industries, permettant \u00e0 diverses organisations de contribuer \u00e0 la croissance \u00e9conomique du continent africain.<\/p>\n<p>\n<\/div><\/div><\/div><\/div><\/div><div data-bb-version=\"4.9.1\" class=\"bt_bb_separator bt_bb_border_style_none bt_bb_top_spacing_extra_small bt_bb_bottom_spacing_none bt_bb_hidden_xs bt_bb_hidden_ms\" data-bt-override-class=\"{&quot;bt_bb_top_spacing_&quot;:{&quot;current_class&quot;:&quot;bt_bb_top_spacing_extra_small&quot;,&quot;def&quot;:&quot;extra_small&quot;},&quot;bt_bb_bottom_spacing_&quot;:{&quot;current_class&quot;:&quot;bt_bb_bottom_spacing_none&quot;,&quot;def&quot;:&quot;none&quot;}}\"><\/div><div class=\"bt_bb_separator bt_bb_border_style_solid bt_bb_top_spacing_normal bt_bb_bottom_spacing_normal\" style=\"; border-width: 2px\" data-bt-override-class=\"null\"><\/div><div class=\"bt_bb_row_inner\"   data-bt-override-class=\"{}\"><div class=\"bt_bb_row_inner_holder\"  ><div  class=\"bt_bb_column_inner col-xxl-12 col-xl-12 col-xs-12 col-sm-12 col-md-12 col-lg-12 bt_bb_align_left bt_bb_vertical_align_top\"  data-width=\"12\" data-bt-override-class=\"{}\"><div class=\"bt_bb_column_inner_content\"><div  class=\"bt_bb_text\" ><\/p>\n<p>Agriculture &amp; Forestry, Health, Energy, Fast Moving Consumer Goods (FMCG) , Information &amp; Communications Technology (ICT) as well as Transport &amp; Warehousing.<\/p>\n<p>\n<\/div><\/div><\/div><\/div><\/div><\/div><\/div><div data-bb-version=\"4.9.1\"  class=\"bt_bb_column col-xxl-6 col-xl-6 bt_bb_vertical_align_top bt_bb_align_left btLazyLoadBackground bt_bb_column_background_image bt_bb_mobile_align_to_both_edges bt_bb_padding_normal\" style=\"background-image:url(&#039;https:\/\/amsco-africa.com\/wp-content\/plugins\/bold-page-builder\/img\/blank.gif&#039;);\" data-background_image_src='https:\/\/amsco-africa.com\/wp-content\/uploads\/2024\/05\/blog-post-76.jpg' data-width=\"6\" data-bt-override-class=\"{&quot;bt_bb_align_&quot;:{&quot;current_class&quot;:&quot;bt_bb_align_left&quot;,&quot;def&quot;:&quot;left&quot;},&quot;bt_bb_padding_&quot;:{&quot;current_class&quot;:&quot;bt_bb_padding_normal&quot;,&quot;def&quot;:&quot;normal&quot;}}\"><div class=\"bt_bb_column_content\"><div data-bb-version=\"4.9.1\" class=\"bt_bb_separator bt_bb_border_style_none bt_bb_top_spacing_large bt_bb_bottom_spacing_extra_large\" data-bt-override-class=\"{&quot;bt_bb_top_spacing_&quot;:{&quot;current_class&quot;:&quot;bt_bb_top_spacing_large&quot;,&quot;def&quot;:&quot;large&quot;},&quot;bt_bb_bottom_spacing_&quot;:{&quot;current_class&quot;:&quot;bt_bb_bottom_spacing_extra_large&quot;,&quot;def&quot;:&quot;extra_large&quot;}}\"><\/div><\/div><\/div><\/div><\/div><\/div><!-- cell_inner --><\/div><!-- cell --><\/div><!-- port --><div class=\"bt_bb_section_bottom_section_coverage_image\"><img decoding=\"async\" src=\"https:\/\/amsco-africa.com\/wp-content\/uploads\/2019\/04\/bgn-quotes-bottom.png\" alt=\"bt_bb_section_bottom_section_coverage_image\" \/><\/div><\/section><section data-bb-version=\"4.9.1\" id=\"bt_bb_section69ea351ddbfec\" class=\"bt_bb_section bt_bb_layout_boxed_1200 bt_bb_vertical_align_top bt_bb_top_spacing_medium bt_bb_bottom_spacing_large\" style=\";background-color:#f5f5f5;\" data-bt-override-class=\"{&quot;bt_bb_top_spacing_&quot;:{&quot;current_class&quot;:&quot;bt_bb_top_spacing_medium&quot;,&quot;def&quot;:&quot;medium&quot;},&quot;bt_bb_bottom_spacing_&quot;:{&quot;current_class&quot;:&quot;bt_bb_bottom_spacing_large&quot;,&quot;def&quot;:&quot;large&quot;}}\"><div class=\"bt_bb_port\"><div class=\"bt_bb_cell\"><div class=\"bt_bb_cell_inner\"><div class=\"bt_bb_row\"  data-bt-override-class=\"{}\"><div class=\"bt_bb_row_holder\" ><div  class=\"bt_bb_column col-xxl-6 col-xl-6 bt_bb_vertical_align_top bt_bb_align_left bt_bb_padding_normal bt_bb_animation_fade_in move_up animate\"  data-width=\"6\" data-bt-override-class=\"{}\"><div class=\"bt_bb_column_content\"><div class=\"bt_bb_separator bt_bb_border_style_none bt_bb_bottom_spacing_normal bt_bb_hidden_md bt_bb_hidden_lg\" data-bt-override-class=\"null\"><\/div><header data-bb-version=\"4.9.1\" class=\"bt_bb_headline bt_bb_subheadline_text_transform_default bt_bb_dash_top bt_bb_superheadline bt_bb_superheadline_outside bt_bb_size_large bt_bb_align_inherit\" data-bt-override-class=\"{&quot;bt_bb_size_&quot;:{&quot;current_class&quot;:&quot;bt_bb_size_large&quot;,&quot;def&quot;:&quot;large&quot;},&quot;bt_bb_align_&quot;:{&quot;current_class&quot;:&quot;bt_bb_align_inherit&quot;,&quot;def&quot;:&quot;inherit&quot;}}\"><div class=\"bt_bb_headline_superheadline_outside\"><span class=\"bt_bb_headline_superheadline\">DESCRIPTION DU SERVICE<\/span><\/div><\/header><div class=\"bt_bb_separator bt_bb_border_style_none bt_bb_bottom_spacing_small\" data-bt-override-class=\"{&quot;bt_bb_bottom_spacing_&quot;:{&quot;current_class&quot;:&quot;bt_bb_bottom_spacing_small&quot;,&quot;def&quot;:&quot;small&quot;}}\"><\/div><\/div><\/div><div  class=\"bt_bb_column col-xxl-6 col-xl-6 bt_bb_vertical_align_top bt_bb_align_left bt_bb_padding_normal\"  data-width=\"6\" data-bt-override-class=\"{}\"><div class=\"bt_bb_column_content\"><\/div><\/div><\/div><\/div><div class=\"bt_bb_row\"  data-bt-override-class=\"{}\"><div class=\"bt_bb_row_holder\" ><div  class=\"bt_bb_column col-xxl-12 col-xl-12 col-xs-12 col-sm-12 col-md-12 col-lg-12 bt_bb_vertical_align_top bt_bb_align_left bt_bb_padding_normal bt_bb_animation_fade_in move_up animate\"  data-width=\"12\" data-bt-override-class=\"{}\"><div class=\"bt_bb_column_content\"><div  class=\"bt_bb_text\" ><\/p>\n<p style=\"text-align: justify;\">S'appuyant sur l'h\u00e9ritage de plus de 28 ans d'exp\u00e9rience de travail en partenariat avec les gouvernements fricains, les acteurs du d\u00e9veloppement et le secteur priv\u00e9, et s'inspirant des Plans de D\u00e9veloppement National des pays d'op\u00e9ration, AMSCO identifie les goulets d'\u00e9tranglement du capital humain li\u00e9s \u00e0 la croissance des secteurs ou de l'industrie. Sur la base de notre processus de diagnostic et de notre analyse, nous d\u00e9veloppons des solutions sur mesure et catalysons des partenariats intelligents. La strat\u00e9gie consiste \u00e0 aborder les probl\u00e8mes syst\u00e9miques qui favorisent la croissance \u00e9conomique sociale.<\/p>\n<p>\n<\/div><\/div><\/div><\/div><\/div><div class=\"bt_bb_row\"  data-bt-override-class=\"{}\"><div class=\"bt_bb_row_holder\" ><div  class=\"bt_bb_column col-xxl-12 col-xl-12 col-xs-12 col-sm-12 col-md-12 col-lg-12 bt_bb_vertical_align_top bt_bb_align_left bt_bb_padding_normal bt_bb_animation_fade_in move_up animate\"  data-width=\"12\" data-bt-override-class=\"{}\"><div class=\"bt_bb_column_content\"><div data-bb-version=\"4.9.1\" class=\"bt_bb_separator bt_bb_border_style_none bt_bb_top_spacing_small bt_bb_bottom_spacing_small\" data-bt-override-class=\"{&quot;bt_bb_top_spacing_&quot;:{&quot;current_class&quot;:&quot;bt_bb_top_spacing_small&quot;,&quot;def&quot;:&quot;small&quot;},&quot;bt_bb_bottom_spacing_&quot;:{&quot;current_class&quot;:&quot;bt_bb_bottom_spacing_small&quot;,&quot;def&quot;:&quot;small&quot;}}\"><\/div><\/div><\/div><\/div><\/div><div class=\"bt_bb_row\"  data-bt-override-class=\"{}\"><div class=\"bt_bb_row_holder\" ><div  class=\"bt_bb_column col-xxl-12 col-xl-12 col-xs-12 col-sm-12 col-md-12 col-lg-12 bt_bb_vertical_align_top bt_bb_align_left bt_bb_padding_normal bt_bb_animation_fade_in move_up animate\"  data-width=\"12\" data-bt-override-class=\"{}\"><div class=\"bt_bb_column_content\"><div data-bb-version=\"4.9.1\" class=\"bt_bb_tabs bt_bb_style_filled bt_bb_shape_rounded\" data-bt-override-class=\"{}\"><ul class=\"bt_bb_tabs_header\"><li><span>Financial Services<\/span><\/li><li><span>Agriculture &amp; Forestry<\/span><\/li><li><span>Health<\/span><\/li><li><span>Energy<\/span><\/li><li><span>FMCG<\/span><\/li><li><span>ICT<\/span><\/li><li><span>Transport &amp; Warehousing<\/span><\/li><\/ul><div class=\"bt_bb_tabs_tabs\"><div class=\"bt_bb_tab_item\">\r\n\t\t\t<div class=\"bt_bb_tab_content\"><div  class=\"bt_bb_text\" ><\/p>\n<p style=\"text-align: justify;\">We help the financial sector to overcome obstacles like lack of skilled labour, corporate governance and tight risk control, giving SMEs access to finance. We work closely with banks in sub-Saharan Africa to further improve access to finance for SMEs. We also partner with Development Finance Institutions to empower employees and promote female-led enterprises.<\/p>\n<p style=\"text-align: justify;\">We work closely with the insurance sector to help them support enterprises by protecting their assets and investments, build capital and become sustainable. We also aid microfinance companies, supporting them to better serve micro, small and medium enterprises. To assist micro enterprises that cannot meet the requirements for bank loans, we partner with foundations, social and philanthropic investors to balance both the human and financial capital needs of the enterprises.<\/p>\n<p>\n<\/div><\/div>\r\n\t\t<\/div><div class=\"bt_bb_tab_item\">\r\n\t\t\t<div class=\"bt_bb_tab_content\"><div  class=\"bt_bb_text\" ><\/p>\n<p style=\"text-align: justify;\">One of Africa\u2019s fastest growing sectors, Agriculture &amp; Forestry has the potential to significantly alleviate poverty on the continent. Fostering partnerships, we are able to link agribusiness enterprises to mobile operators to monitor market development and pricing. We work closely with agriculture, agribusiness and forestry organisations to improve organisational productivity, promote food security, develop value chains and improve livelihoods. We also team with partners to improve access to finance for SMEs, and inputs such as seeds, fertilizers and machinery.<\/p>\n<p>\n<\/div><\/div>\r\n\t\t<\/div><div class=\"bt_bb_tab_item\">\r\n\t\t\t<div class=\"bt_bb_tab_content\"><div  class=\"bt_bb_text\" ><\/p>\n<p style=\"text-align: justify;\">A lack of skills, limited access to equipment and bad patient care are the challenges standing in the way of quality healthcare on the African continent. We aim to address those challenges to supply quality and affordable healthcare to the people of Africa.<\/p>\n<p style=\"text-align: justify;\">To achieve that we help hospitals, clinics and radiology service providers implement efficient operating systems and management processes. With our support, health institutions such as pharmaceuticals have moved to patient-centric practices to promote the wellbeing of society.<\/p>\n<p>\n<\/div><\/div>\r\n\t\t<\/div><div class=\"bt_bb_tab_item\">\r\n\t\t\t<div class=\"bt_bb_tab_content\"><div  class=\"bt_bb_text\" ><\/p>\n<p style=\"text-align: justify;\">Access to energy is key for Africa to become globally competitive. It is therefore imperative to meet the growing demand for electricity, oil, gas and other energy sources.<\/p>\n<p style=\"text-align: justify;\">AMSCO welcomes partnerships in the oil and gas sector to develop SME value chains that serve organisations better.<\/p>\n<p style=\"text-align: justify;\">We also support energy initiatives that lead to sustainable business environments. Interventions cut across various activities including renewable energy, hand-held solar energy, oil and gas, and waste to energy.<\/p>\n<p>\n<\/div><\/div>\r\n\t\t<\/div><div class=\"bt_bb_tab_item\">\r\n\t\t\t<div class=\"bt_bb_tab_content\"><div  class=\"bt_bb_text\" ><\/p>\n<p style=\"text-align: justify;\">As Africa grows, so does the need for local produc- tion and distribution of food and beverages. AMSCO works with companies in the FMCG sector who specialise in the conceptualisation, making and distribution of food.<\/p>\n<p style=\"text-align: justify;\">We also support enterprises in the wholesale, retail, and food and beverage sectors through sales training, quality assurance and customer service programmes. Those businesses are then able to realise their full potential by investing in the development of their human capital.<\/p>\n<p>\n<\/div><\/div>\r\n\t\t<\/div><div class=\"bt_bb_tab_item\">\r\n\t\t\t<div class=\"bt_bb_tab_content\"><div  class=\"bt_bb_text\" ><\/p>\n<p style=\"text-align: justify;\">Through human capital support to companies within the ICT sector we\u2019re able to enhance economic and social development. AMSCO is strategically aligned with both the public and private sectors to introduce, implement and maintain telecommunications networks. We are also able to provide customised training such as safety and heights, technical support and expert support to ensure fully integrated and streamlined communication networks that are cutting-edge and globally competitive.<\/p>\n<p>\n<\/div><\/div>\r\n\t\t<\/div><div class=\"bt_bb_tab_item\">\r\n\t\t\t<div class=\"bt_bb_tab_content\"><div  class=\"bt_bb_text\" ><\/p>\n<p style=\"text-align: justify;\">African SMEs rely heavily on transport systems to ensure smooth operations from logistics to maintenance and safekeeping of goods. AMSCO recognises this need and supports companies that provide transportation of goods and warehousing. This includes, but is not limited to passengers and cargo, warehousing and storage for goods plus supported activities related to modes of transportation. We design programmes that assist in modernising the sector to ensure efficiency and transparency in an increasingly complex value chain. Our programmes are designed with strict adherence to local transport and warehousing regulations.<\/p>\n<p>\n<\/div><\/div>\r\n\t\t<\/div><\/div><\/div><\/div><\/div><\/div><\/div><div class=\"bt_bb_row\"  data-bt-override-class=\"{}\"><div class=\"bt_bb_row_holder\" ><div  class=\"bt_bb_column col-xxl-12 col-xl-12 col-xs-12 col-sm-12 col-md-12 col-lg-12 bt_bb_vertical_align_top bt_bb_align_left bt_bb_padding_normal bt_bb_animation_fade_in move_up animate\"  data-width=\"12\" data-bt-override-class=\"{}\"><div class=\"bt_bb_column_content\"><div data-bb-version=\"4.9.1\" class=\"bt_bb_separator bt_bb_border_style_none bt_bb_top_spacing_small bt_bb_bottom_spacing_small\" data-bt-override-class=\"{&quot;bt_bb_top_spacing_&quot;:{&quot;current_class&quot;:&quot;bt_bb_top_spacing_small&quot;,&quot;def&quot;:&quot;small&quot;},&quot;bt_bb_bottom_spacing_&quot;:{&quot;current_class&quot;:&quot;bt_bb_bottom_spacing_small&quot;,&quot;def&quot;:&quot;small&quot;}}\"><\/div><\/div><\/div><\/div><\/div><\/div><!-- cell_inner --><\/div><!-- cell --><\/div><!-- port --><\/section><\/p>","protected":false},"excerpt":{"rendered":"","protected":false},"author":1,"featured_media":3109,"parent":1637,"menu_order":0,"comment_status":"closed","ping_status":"closed","template":"","meta":{"footnotes":""},"class_list":["post-3081","page","type-page","status-publish","has-post-thumbnail","hentry"],"yoast_head":"<!-- This site is optimized with the Yoast SEO plugin v27.4 - https:\/\/yoast.com\/product\/yoast-seo-wordpress\/ -->\n<title>Sectors Projects - AMSCO<\/title>\n<meta name=\"robots\" content=\"index, follow, max-snippet:-1, max-image-preview:large, max-video-preview:-1\" \/>\n<link rel=\"canonical\" href=\"https:\/\/amsco-africa.com\/fr\/services\/sectors-projects\/\" \/>\n<meta property=\"og:locale\" content=\"fr_FR\" \/>\n<meta property=\"og:type\" content=\"article\" \/>\n<meta property=\"og:title\" content=\"Sectors Projects - AMSCO\" \/>\n<meta property=\"og:url\" content=\"https:\/\/amsco-africa.com\/fr\/services\/sectors-projects\/\" \/>\n<meta property=\"og:site_name\" content=\"AMSCO\" \/>\n<meta property=\"article:modified_time\" content=\"2024-05-22T11:06:57+00:00\" \/>\n<meta property=\"og:image\" content=\"https:\/\/amsco-africa.com\/wp-content\/uploads\/2024\/05\/blog-post-76.jpg\" \/>\n\t<meta property=\"og:image:width\" content=\"2500\" \/>\n\t<meta property=\"og:image:height\" content=\"1669\" \/>\n\t<meta property=\"og:image:type\" content=\"image\/jpeg\" \/>\n<meta name=\"twitter:card\" content=\"summary_large_image\" \/>\n<meta name=\"twitter:label1\" content=\"Dur\u00e9e de lecture estim\u00e9e\" \/>\n\t<meta name=\"twitter:data1\" content=\"11 minutes\" \/>\n<script type=\"application\/ld+json\" class=\"yoast-schema-graph\">{\"@context\":\"https:\\\/\\\/schema.org\",\"@graph\":[{\"@type\":\"WebPage\",\"@id\":\"https:\\\/\\\/amsco-africa.com\\\/services\\\/sectors-projects\\\/\",\"url\":\"https:\\\/\\\/amsco-africa.com\\\/services\\\/sectors-projects\\\/\",\"name\":\"Sectors Projects - AMSCO\",\"isPartOf\":{\"@id\":\"https:\\\/\\\/amsco-africa.com\\\/#website\"},\"primaryImageOfPage\":{\"@id\":\"https:\\\/\\\/amsco-africa.com\\\/services\\\/sectors-projects\\\/#primaryimage\"},\"image\":{\"@id\":\"https:\\\/\\\/amsco-africa.com\\\/services\\\/sectors-projects\\\/#primaryimage\"},\"thumbnailUrl\":\"https:\\\/\\\/amsco-africa.com\\\/wp-content\\\/uploads\\\/2024\\\/05\\\/blog-post-76.jpg\",\"datePublished\":\"2024-05-21T15:06:53+00:00\",\"dateModified\":\"2024-05-22T11:06:57+00:00\",\"breadcrumb\":{\"@id\":\"https:\\\/\\\/amsco-africa.com\\\/services\\\/sectors-projects\\\/#breadcrumb\"},\"inLanguage\":\"fr-FR\",\"potentialAction\":[{\"@type\":\"ReadAction\",\"target\":[\"https:\\\/\\\/amsco-africa.com\\\/services\\\/sectors-projects\\\/\"]}]},{\"@type\":\"ImageObject\",\"inLanguage\":\"fr-FR\",\"@id\":\"https:\\\/\\\/amsco-africa.com\\\/services\\\/sectors-projects\\\/#primaryimage\",\"url\":\"https:\\\/\\\/amsco-africa.com\\\/wp-content\\\/uploads\\\/2024\\\/05\\\/blog-post-76.jpg\",\"contentUrl\":\"https:\\\/\\\/amsco-africa.com\\\/wp-content\\\/uploads\\\/2024\\\/05\\\/blog-post-76.jpg\",\"width\":2500,\"height\":1669},{\"@type\":\"BreadcrumbList\",\"@id\":\"https:\\\/\\\/amsco-africa.com\\\/services\\\/sectors-projects\\\/#breadcrumb\",\"itemListElement\":[{\"@type\":\"ListItem\",\"position\":1,\"name\":\"Home\",\"item\":\"https:\\\/\\\/amsco-africa.com\\\/\"},{\"@type\":\"ListItem\",\"position\":2,\"name\":\"Services\",\"item\":\"https:\\\/\\\/amsco-africa.com\\\/services\\\/\"},{\"@type\":\"ListItem\",\"position\":3,\"name\":\"Sectors Projects\"}]},{\"@type\":\"WebSite\",\"@id\":\"https:\\\/\\\/amsco-africa.com\\\/#website\",\"url\":\"https:\\\/\\\/amsco-africa.com\\\/\",\"name\":\"AMSCO\",\"description\":\"Growing People, Growing Companies, Growing Africa\",\"potentialAction\":[{\"@type\":\"SearchAction\",\"target\":{\"@type\":\"EntryPoint\",\"urlTemplate\":\"https:\\\/\\\/amsco-africa.com\\\/?s={search_term_string}\"},\"query-input\":{\"@type\":\"PropertyValueSpecification\",\"valueRequired\":true,\"valueName\":\"search_term_string\"}}],\"inLanguage\":\"fr-FR\"}]}<\/script>\n<!-- \/ Yoast SEO plugin. -->","yoast_head_json":{"title":"Sectors Projects - AMSCO","robots":{"index":"index","follow":"follow","max-snippet":"max-snippet:-1","max-image-preview":"max-image-preview:large","max-video-preview":"max-video-preview:-1"},"canonical":"https:\/\/amsco-africa.com\/fr\/services\/sectors-projects\/","og_locale":"fr_FR","og_type":"article","og_title":"Sectors Projects - AMSCO","og_url":"https:\/\/amsco-africa.com\/fr\/services\/sectors-projects\/","og_site_name":"AMSCO","article_modified_time":"2024-05-22T11:06:57+00:00","og_image":[{"width":2500,"height":1669,"url":"https:\/\/amsco-africa.com\/wp-content\/uploads\/2024\/05\/blog-post-76.jpg","type":"image\/jpeg"}],"twitter_card":"summary_large_image","twitter_misc":{"Dur\u00e9e de lecture estim\u00e9e":"11 minutes"},"schema":{"@context":"https:\/\/schema.org","@graph":[{"@type":"WebPage","@id":"https:\/\/amsco-africa.com\/services\/sectors-projects\/","url":"https:\/\/amsco-africa.com\/services\/sectors-projects\/","name":"Sectors Projects - AMSCO","isPartOf":{"@id":"https:\/\/amsco-africa.com\/#website"},"primaryImageOfPage":{"@id":"https:\/\/amsco-africa.com\/services\/sectors-projects\/#primaryimage"},"image":{"@id":"https:\/\/amsco-africa.com\/services\/sectors-projects\/#primaryimage"},"thumbnailUrl":"https:\/\/amsco-africa.com\/wp-content\/uploads\/2024\/05\/blog-post-76.jpg","datePublished":"2024-05-21T15:06:53+00:00","dateModified":"2024-05-22T11:06:57+00:00","breadcrumb":{"@id":"https:\/\/amsco-africa.com\/services\/sectors-projects\/#breadcrumb"},"inLanguage":"fr-FR","potentialAction":[{"@type":"ReadAction","target":["https:\/\/amsco-africa.com\/services\/sectors-projects\/"]}]},{"@type":"ImageObject","inLanguage":"fr-FR","@id":"https:\/\/amsco-africa.com\/services\/sectors-projects\/#primaryimage","url":"https:\/\/amsco-africa.com\/wp-content\/uploads\/2024\/05\/blog-post-76.jpg","contentUrl":"https:\/\/amsco-africa.com\/wp-content\/uploads\/2024\/05\/blog-post-76.jpg","width":2500,"height":1669},{"@type":"BreadcrumbList","@id":"https:\/\/amsco-africa.com\/services\/sectors-projects\/#breadcrumb","itemListElement":[{"@type":"ListItem","position":1,"name":"Home","item":"https:\/\/amsco-africa.com\/"},{"@type":"ListItem","position":2,"name":"Services","item":"https:\/\/amsco-africa.com\/services\/"},{"@type":"ListItem","position":3,"name":"Sectors Projects"}]},{"@type":"WebSite","@id":"https:\/\/amsco-africa.com\/#website","url":"https:\/\/amsco-africa.com\/","name":"AMSCO","description":"Growing People, Growing Companies, Growing Africa","potentialAction":[{"@type":"SearchAction","target":{"@type":"EntryPoint","urlTemplate":"https:\/\/amsco-africa.com\/?s={search_term_string}"},"query-input":{"@type":"PropertyValueSpecification","valueRequired":true,"valueName":"search_term_string"}}],"inLanguage":"fr-FR"}]}},"_links":{"self":[{"href":"https:\/\/amsco-africa.com\/fr\/wp-json\/wp\/v2\/pages\/3081","targetHints":{"allow":["GET"]}}],"collection":[{"href":"https:\/\/amsco-africa.com\/fr\/wp-json\/wp\/v2\/pages"}],"about":[{"href":"https:\/\/amsco-africa.com\/fr\/wp-json\/wp\/v2\/types\/page"}],"author":[{"embeddable":true,"href":"https:\/\/amsco-africa.com\/fr\/wp-json\/wp\/v2\/users\/1"}],"replies":[{"embeddable":true,"href":"https:\/\/amsco-africa.com\/fr\/wp-json\/wp\/v2\/comments?post=3081"}],"version-history":[{"count":21,"href":"https:\/\/amsco-africa.com\/fr\/wp-json\/wp\/v2\/pages\/3081\/revisions"}],"predecessor-version":[{"id":3110,"href":"https:\/\/amsco-africa.com\/fr\/wp-json\/wp\/v2\/pages\/3081\/revisions\/3110"}],"up":[{"embeddable":true,"href":"https:\/\/amsco-africa.com\/fr\/wp-json\/wp\/v2\/pages\/1637"}],"wp:featuredmedia":[{"embeddable":true,"href":"https:\/\/amsco-africa.com\/fr\/wp-json\/wp\/v2\/media\/3109"}],"wp:attachment":[{"href":"https:\/\/amsco-africa.com\/fr\/wp-json\/wp\/v2\/media?parent=3081"}],"curies":[{"name":"wp","href":"https:\/\/api.w.org\/{rel}","templated":true}]}}